{"id":843,"date":"2021-02-01T12:42:05","date_gmt":"2021-02-01T12:42:05","guid":{"rendered":"http:\/\/alfatrail.net\/?page_id=843"},"modified":"2021-03-05T09:12:35","modified_gmt":"2021-03-05T09:12:35","slug":"pravila-volontiranja","status":"publish","type":"page","link":"https:\/\/alfatrail.net\/?page_id=843","title":{"rendered":"PRAVILA VOLONTIRANJA"},"content":{"rendered":"<p>[vc_row full_width=&#8221;stretch_row&#8221; hide_bg_image_on_tablet=&#8221;&#8221; hide_bg_image_on_mobile=&#8221;&#8221; css=&#8221;.vc_custom_1612875220804{background-color: #fcf4e8 !important;}&#8221;][vc_column width=&#8221;1\/12&#8221;][\/vc_column][vc_column width=&#8221;10\/12&#8221;][vc_empty_space hide_on_desktop=&#8221;&#8221; hide_on_notebook=&#8221;&#8221; hide_on_tablet=&#8221;&#8221; hide_on_mobile=&#8221;&#8221;][vc_column_text css_animation=&#8221;bounceInLeft&#8221;]<\/p>\n<h3>PRAVILA VOLONTIRANJA<\/h3>\n<p>[\/vc_column_text][vc_empty_space hide_on_desktop=&#8221;&#8221; hide_on_notebook=&#8221;&#8221; hide_on_tablet=&#8221;&#8221; hide_on_mobile=&#8221;&#8221;][vc_empty_space hide_on_desktop=&#8221;&#8221; hide_on_notebook=&#8221;&#8221; hide_on_tablet=&#8221;&#8221; hide_on_mobile=&#8221;&#8221;][\/vc_column][vc_column width=&#8221;1\/12&#8221;][\/vc_column][\/vc_row][vc_row full_width=&#8221;stretch_row&#8221; hide_bg_image_on_tablet=&#8221;&#8221; hide_bg_image_on_mobile=&#8221;&#8221; css=&#8221;.vc_custom_1612875235700{background-color: #fcf4e8 !important;}&#8221;][vc_column width=&#8221;1\/12&#8221;][\/vc_column][vc_column width=&#8221;10\/12&#8221;][vc_empty_space hide_on_desktop=&#8221;&#8221; hide_on_notebook=&#8221;&#8221; hide_on_tablet=&#8221;&#8221; hide_on_mobile=&#8221;&#8221;][vc_column_text css_animation=&#8221;bounceIn&#8221;]<span class=\"trx_addons_accent_bg\"> 1. <\/span>\u00a0 \u00a0 U zavisnosti od slobodnog vremena volontera\/volonterki, najmanji period volontiranja je 3 (tri) danaPrije svake trke provodi se obuka volontera\/volonterki.<\/p>\n<p><span class=\"trx_addons_accent_bg\"> 2. <\/span>\u00a0 \u00a0 Svaki volonter\/volonterka mora biti spreman\/spremna na rad petkom, subotom i nedjeljom.<\/p>\n<p><span class=\"trx_addons_accent_bg\"> 3. <\/span>\u00a0 \u00a0 Volonteri\/volonterke \u0107e raditi najvi\u0161e 5 (pet) dana.<\/p>\n<p><span class=\"trx_addons_accent_bg\"> 4. <\/span>\u00a0 \u00a0 Volonteri\/volonterke koji su pro\u0161li\/pro\u0161le obuku i u\u010destvovali na najmanje dva doga\u0111aja nisu obavezni prisustvovati sljede\u0107oj obuci.<\/p>\n<p><span class=\"trx_addons_accent_bg\"> 5. <\/span>\u00a0 \u00a0 Prije svake manifestacije volonter\/volonterka potpisuje ugovor o anga\u017eovanju sa pozicijama koje su na raspolaganju za period trajanja doga\u0111aja, a svaki volonter\/volonterka mo\u017ee da izabere najvi\u0161e do 5 (pet) pozicija koje su na raspolaganju ukoliko se pozicije vremenski ne poklapaju.<\/p>\n<p><span class=\"trx_addons_accent_bg\"> 6. <\/span>\u00a0 \u00a0 Pozicije za volontiranje:<\/p>\n<p><img loading=\"lazy\" decoding=\"async\" class=\"aligncenter wp-image-1908 size-hello_summer-thumb-big\" src=\"http:\/\/alfatrail.net\/wp-content\/uploads\/2021\/03\/DSC_6685-813x438.jpg\" alt=\"\" width=\"813\" height=\"438\" \/>[\/vc_column_text][vc_empty_space hide_on_desktop=&#8221;&#8221; hide_on_notebook=&#8221;&#8221; hide_on_tablet=&#8221;&#8221; hide_on_mobile=&#8221;&#8221;][vc_empty_space hide_on_desktop=&#8221;&#8221; hide_on_notebook=&#8221;&#8221; hide_on_tablet=&#8221;&#8221; hide_on_mobile=&#8221;&#8221;][\/vc_column][vc_column width=&#8221;1\/12&#8221;][\/vc_column][\/vc_row][vc_row full_width=&#8221;stretch_row&#8221; hide_bg_image_on_tablet=&#8221;&#8221; hide_bg_image_on_mobile=&#8221;&#8221; css=&#8221;.vc_custom_1612875333522{background-color: #fcf9de !important;}&#8221;][vc_column width=&#8221;2\/12&#8221;][\/vc_column][vc_column width=&#8221;8\/12&#8221;][vc_empty_space hide_on_desktop=&#8221;&#8221; hide_on_notebook=&#8221;&#8221; hide_on_tablet=&#8221;&#8221; hide_on_mobile=&#8221;&#8221;][vc_empty_space hide_on_desktop=&#8221;&#8221; hide_on_notebook=&#8221;&#8221; hide_on_tablet=&#8221;&#8221; hide_on_mobile=&#8221;&#8221;][vc_column_text css_animation=&#8221;bounceIn&#8221;]<\/p>\n<table width=\"100%\">\n<tbody>\n<tr>\n<td>PRIPREMA STARTNIH PAKETA<\/td>\n<td>Volonter\/ka koji\/a pakuje startni paket za svakog takmi\u010dara\/ku<\/td>\n<\/tr>\n<tr>\n<td>VOZA\u010c B KATEGORIJE<\/td>\n<td>Volonter\/ka koji\/a posjeduju li\u010dni automobil kojim transportuju\u00a0 opremu i osoblje po potrebi<\/td>\n<\/tr>\n<tr>\n<td>MARKIRANJE STAZE<\/td>\n<td>Volonter\/ka koji\/a prilago\u0111ava stazu i \u010dini je vidljivom<\/td>\n<\/tr>\n<tr>\n<td>SKIDANJE MARKACIJA<\/td>\n<td>Volonter\/ka koji\/a prolazi cijelu stazu ili dio iste i uklanja oznake<\/td>\n<\/tr>\n<tr>\n<td>PRIPREMA OKREPE<\/td>\n<td>Volonter\/ka koji\/a pakuje sto sa pi\u0107em i hranom za trka\u010de\/\u010dice<\/td>\n<\/tr>\n<tr>\n<td>MJERENJE VREMENA<\/td>\n<td>Volonter\/ka koji\/a registruje vrijeme koje ostvare trka\u010di\/\u010dice putem softvera na cilju trke<\/td>\n<\/tr>\n<tr>\n<td>PODR\u0160KA MJERENJU VREMENA<\/td>\n<td>Volonter\/ka koji\/a zapisuje prolazno vrijeme svakog takmi\u010dara\/ke na okrepnim stanicama<\/td>\n<\/tr>\n<tr>\n<td>POMO\u0106 U KUHINJI<\/td>\n<td>Volonter\/ka koji\/a poma\u017ee u pripremanju hrane<\/td>\n<\/tr>\n<tr>\n<td>TEHNI\u010cKA PODR\u0160KA<\/td>\n<td>Volonter\/ka koji\/a voda ra\u010duna o inventaru i izvr\u0161ava tehni\u010dke zadatke<\/td>\n<\/tr>\n<tr>\n<td>PRVA POMO\u0106<\/td>\n<td>Volonteri\/ke koji imaju zavr\u0161en kurs prve pomo\u0107i u Crvenom krstu ili ga poha\u0111aju<\/td>\n<\/tr>\n<tr>\n<td>MASA\u017dA<\/td>\n<td>Volonteri\/ke koji masiraju takmi\u010dare\/ke<\/td>\n<\/tr>\n<tr>\n<td>FOTOGRAFISANJE<\/td>\n<td>Volonteri\/ke koji posjeduju fotografsku opremu<\/td>\n<\/tr>\n<tr>\n<td>SNIMANJE VIDEA<\/td>\n<td>Volonteri\/ke koji posjeduju video kameru, dron i opremu za monta\u017eu<\/td>\n<\/tr>\n<\/tbody>\n<\/table>\n<p>[\/vc_column_text][vc_empty_space hide_on_desktop=&#8221;&#8221; hide_on_notebook=&#8221;&#8221; hide_on_tablet=&#8221;&#8221; hide_on_mobile=&#8221;&#8221;][vc_empty_space hide_on_desktop=&#8221;&#8221; hide_on_notebook=&#8221;&#8221; hide_on_tablet=&#8221;&#8221; hide_on_mobile=&#8221;&#8221;][\/vc_column][vc_column width=&#8221;2\/12&#8221;][\/vc_column][\/vc_row][vc_row][vc_column][\/vc_column][\/vc_row]<\/p>\n","protected":false},"excerpt":{"rendered":"<p>[vc_row full_width=&#8221;stretch_row&#8221; hide_bg_image_on_tablet=&#8221;&#8221; hide_bg_image_on_mobile=&#8221;&#8221; css=&#8221;.vc_custom_1612875220804{background-color: #fcf4e8 !important;}&#8221;][vc_column width=&#8221;1\/12&#8221;][\/vc_column][vc_column width=&#8221;10\/12&#8221;][vc_empty_space hide_on_desktop=&#8221;&#8221; hide_on_notebook=&#8221;&#8221; hide_on_tablet=&#8221;&#8221; hide_on_mobile=&#8221;&#8221;][vc_column_text css_animation=&#8221;bounceInLeft&#8221;] PRAVILA VOLONTIRANJA [\/vc_column_text][vc_empty_space hide_on_desktop=&#8221;&#8221; hide_on_notebook=&#8221;&#8221; hide_on_tablet=&#8221;&#8221; hide_on_mobile=&#8221;&#8221;][vc_empty_space hide_on_desktop=&#8221;&#8221; hide_on_notebook=&#8221;&#8221; hide_on_tablet=&#8221;&#8221; hide_on_mobile=&#8221;&#8221;][\/vc_column][vc_column width=&#8221;1\/12&#8221;][\/vc_column][\/vc_row][vc_row full_width=&#8221;stretch_row&#8221; hide_bg_image_on_tablet=&#8221;&#8221; hide_bg_image_on_mobile=&#8221;&#8221; css=&#8221;.vc_custom_1612875235700{background-color: #fcf4e8 !important;}&#8221;][vc_column width=&#8221;1\/12&#8221;][\/vc_column][vc_column width=&#8221;10\/12&#8221;][vc_empty_space hide_on_desktop=&#8221;&#8221; hide_on_notebook=&#8221;&#8221; hide_on_tablet=&#8221;&#8221; hide_on_mobile=&#8221;&#8221;][vc_column_text css_animation=&#8221;bounceIn&#8221;] 1. \u00a0 \u00a0 U zavisnosti od&hellip;<\/p>\n","protected":false},"author":1,"featured_media":0,"parent":0,"menu_order":0,"comment_status":"closed","ping_status":"closed","template":"","meta":{"footnotes":""},"class_list":["post-843","page","type-page","status-publish","hentry"],"_links":{"self":[{"href":"https:\/\/alfatrail.net\/index.php?rest_route=\/wp\/v2\/pages\/843","targetHints":{"allow":["GET"]}}],"collection":[{"href":"https:\/\/alfatrail.net\/index.php?rest_route=\/wp\/v2\/pages"}],"about":[{"href":"https:\/\/alfatrail.net\/index.php?rest_route=\/wp\/v2\/types\/page"}],"author":[{"embeddable":true,"href":"https:\/\/alfatrail.net\/index.php?rest_route=\/wp\/v2\/users\/1"}],"replies":[{"embeddable":true,"href":"https:\/\/alfatrail.net\/index.php?rest_route=%2Fwp%2Fv2%2Fcomments&post=843"}],"version-history":[{"count":17,"href":"https:\/\/alfatrail.net\/index.php?rest_route=\/wp\/v2\/pages\/843\/revisions"}],"predecessor-version":[{"id":1910,"href":"https:\/\/alfatrail.net\/index.php?rest_route=\/wp\/v2\/pages\/843\/revisions\/1910"}],"wp:attachment":[{"href":"https:\/\/alfatrail.net\/index.php?rest_route=%2Fwp%2Fv2%2Fmedia&parent=843"}],"curies":[{"name":"wp","href":"https:\/\/api.w.org\/{rel}","templated":true}]}}