{"id":829,"date":"2021-02-01T12:28:41","date_gmt":"2021-02-01T12:28:41","guid":{"rendered":"http:\/\/alfatrail.net\/?page_id=829"},"modified":"2021-03-05T08:36:13","modified_gmt":"2021-03-05T08:36:13","slug":"opis-3","status":"publish","type":"page","link":"https:\/\/alfatrail.net\/?page_id=829","title":{"rendered":"OPIS"},"content":{"rendered":"<p>[vc_row full_width=&#8221;stretch_row&#8221; hide_bg_image_on_tablet=&#8221;&#8221; hide_bg_image_on_mobile=&#8221;&#8221; css=&#8221;.vc_custom_1612878562833{background-color: #fcf9de !important;}&#8221;][vc_column width=&#8221;1\/12&#8221;][\/vc_column][vc_column width=&#8221;10\/12&#8221;][vc_empty_space hide_on_desktop=&#8221;&#8221; hide_on_notebook=&#8221;&#8221; hide_on_tablet=&#8221;&#8221; hide_on_mobile=&#8221;&#8221;][vc_column_text css_animation=&#8221;zoomInLeft&#8221;]<\/p>\n<h3>OPIS VOLONTIRANJA<\/h3>\n<p>[\/vc_column_text][\/vc_column][vc_column width=&#8221;1\/12&#8221;][\/vc_column][\/vc_row][vc_row full_width=&#8221;stretch_row&#8221; hide_bg_image_on_tablet=&#8221;&#8221; hide_bg_image_on_mobile=&#8221;&#8221; css=&#8221;.vc_custom_1612878574547{background-color: #fcf9de !important;}&#8221;][vc_column width=&#8221;1\/12&#8221;][\/vc_column][vc_column width=&#8221;10\/12&#8221;][vc_column_text css_animation=&#8221;bounceInLeft&#8221; scheme=&#8221;default&#8221;]Volonteri\/volonterke TRAIL\u2013a direktno poma\u017eu organizatoru\/organizatorki prije, tokom i nakon trejl trka i igraju aktivnu ulogu u stvaranju pozitivne i uzbudljive atmosfere, doprinose\u0107i ukupnom uspjehu TRAIL manifestacija. Svaki\/svaka volonter\/volonteka dobija priliku i da se dru\u017ei sa sportistima\/sportistkinjama koji su uzor svima.<\/p>\n<p>Volontirati se mo\u017ee tokom cijele godine koliko traju aktivnosti pripreme i provo\u0111enja dvadesetak doga\u0111aja koje organizujemo.<br \/>\nNaravno, na samim doga\u0111ajima, koji traju od jednog do tri dana, volonteri\/volonterke daju najve\u0107i doprinos, tako da njihov anga\u017eman traje od tri do pet dana.<\/p>\n<h6>Iskustva nekih volontera\/volonterki:<\/h6>\n<p>[\/vc_column_text][\/vc_column][vc_column width=&#8221;1\/12&#8221;][\/vc_column][\/vc_row][vc_row full_width=&#8221;stretch_row&#8221; hide_bg_image_on_tablet=&#8221;&#8221; hide_bg_image_on_mobile=&#8221;&#8221; css=&#8221;.vc_custom_1612878666384{background-color: #fcf4e8 !important;}&#8221;][vc_column width=&#8221;1\/12&#8221;][\/vc_column][vc_column width=&#8221;10\/12&#8221;][vc_empty_space hide_on_desktop=&#8221;&#8221; hide_on_notebook=&#8221;&#8221; hide_on_tablet=&#8221;&#8221; hide_on_mobile=&#8221;&#8221;][vc_column_text css_animation=&#8221;bounceInLeft&#8221;]<\/p>\n<blockquote>\n<p>\u201cPo\u010deo sam volontirati na Kozara Ultra Trail-u 2020. godine zbog toga \u0161to je to na\u010din da steknemo radne navike, a tako\u0111e i nove prijatelje. Volontiranje na trkama KUT\u2013a se izdvaja zbog dobre organizacije, koja nam poma\u017ee da \u0161to bolje realizujemo dati projekat.<br \/>\nMoja poruka za one koji po\u010dinju volontirati i za one koji ve\u0107 volontiraju je da budu jo\u0161 vrjedniji nego prije, jer \u0107e im to trebati u budu\u0107nosti\u201c<\/p>\n<p style=\"text-align: right;\"><strong>Nik\u0161a Dra\u017ei\u0107, Banja Luka<\/strong><\/p>\n<\/blockquote>\n<p style=\"text-align: right;\">[\/vc_column_text][vc_empty_space hide_on_desktop=&#8221;&#8221; hide_on_notebook=&#8221;&#8221; hide_on_tablet=&#8221;&#8221; hide_on_mobile=&#8221;&#8221;][vc_empty_space hide_on_desktop=&#8221;&#8221; hide_on_notebook=&#8221;&#8221; hide_on_tablet=&#8221;&#8221; hide_on_mobile=&#8221;&#8221;][\/vc_column][vc_column width=&#8221;1\/12&#8221;][\/vc_column][\/vc_row][vc_row full_width=&#8221;stretch_row&#8221; hide_bg_image_on_tablet=&#8221;&#8221; hide_bg_image_on_mobile=&#8221;&#8221; css=&#8221;.vc_custom_1612878679945{background-color: #fcf4e8 !important;}&#8221;][vc_column][vc_column_text css_animation=&#8221;bounceIn&#8221;]<img loading=\"lazy\" decoding=\"async\" class=\"aligncenter wp-image-1902 size-hello_summer-thumb-big\" src=\"http:\/\/alfatrail.net\/wp-content\/uploads\/2021\/03\/1-01-813x438.jpg\" alt=\"\" width=\"813\" height=\"438\" \/>[\/vc_column_text][vc_empty_space hide_on_desktop=&#8221;&#8221; hide_on_notebook=&#8221;&#8221; hide_on_tablet=&#8221;&#8221; hide_on_mobile=&#8221;&#8221;][\/vc_column][\/vc_row][vc_row full_width=&#8221;stretch_row&#8221; hide_bg_image_on_tablet=&#8221;&#8221; hide_bg_image_on_mobile=&#8221;&#8221; css=&#8221;.vc_custom_1612878716418{background-color: #fcf4e8 !important;}&#8221;][vc_column width=&#8221;1\/12&#8221;][\/vc_column][vc_column width=&#8221;10\/12&#8221;][vc_empty_space hide_on_desktop=&#8221;&#8221; hide_on_notebook=&#8221;&#8221; hide_on_tablet=&#8221;&#8221; hide_on_mobile=&#8221;&#8221;][vc_empty_space hide_on_desktop=&#8221;&#8221; hide_on_notebook=&#8221;&#8221; hide_on_tablet=&#8221;&#8221; hide_on_mobile=&#8221;&#8221;][vc_column_text css_animation=&#8221;bounceInLeft&#8221;]<\/p>\n<blockquote>\n<p>\u201ePo\u010dela sam da volontiram kako bih pomogla ljudima i podigla svijest o dobrovoljnom neprofitnom radu.<br \/>\nVolontiranje je va\u017eno zbog aktivacije mladih ljudi u korisni rad. Prednosti u KUT su upoznavanje novih ljudi i suo\u010davanje sa novim preprekama. U KUT-u se izdvaja bolja organizacija i otvorenija komunikacija sa vi\u0161im \u010dlanovima organizacije Budi volonter\/volonterk kako bi pomogao\/pomogla onima oko sebe i kako bi bio odgovorniji prema drugima, sebi i <small>\u017eivotnoj<\/small> okolini\u201c,<\/p>\n<p style=\"text-align: right;\"><strong>Milica Kudra, Banja Luka<\/strong><\/p>\n<\/blockquote>\n<p style=\"text-align: right;\">[\/vc_column_text][vc_empty_space hide_on_desktop=&#8221;&#8221; hide_on_notebook=&#8221;&#8221; hide_on_tablet=&#8221;&#8221; hide_on_mobile=&#8221;&#8221;][vc_empty_space hide_on_desktop=&#8221;&#8221; hide_on_notebook=&#8221;&#8221; hide_on_tablet=&#8221;&#8221; hide_on_mobile=&#8221;&#8221;][vc_empty_space hide_on_desktop=&#8221;&#8221; hide_on_notebook=&#8221;&#8221; hide_on_tablet=&#8221;&#8221; hide_on_mobile=&#8221;&#8221;][\/vc_column][vc_column width=&#8221;1\/12&#8221;][\/vc_column][\/vc_row][vc_row][vc_column][\/vc_column][\/vc_row]<\/p>\n","protected":false},"excerpt":{"rendered":"<p>[vc_row full_width=&#8221;stretch_row&#8221; hide_bg_image_on_tablet=&#8221;&#8221; hide_bg_image_on_mobile=&#8221;&#8221; css=&#8221;.vc_custom_1612878562833{background-color: #fcf9de !important;}&#8221;][vc_column width=&#8221;1\/12&#8221;][\/vc_column][vc_column width=&#8221;10\/12&#8221;][vc_empty_space hide_on_desktop=&#8221;&#8221; hide_on_notebook=&#8221;&#8221; hide_on_tablet=&#8221;&#8221; hide_on_mobile=&#8221;&#8221;][vc_column_text css_animation=&#8221;zoomInLeft&#8221;] OPIS VOLONTIRANJA [\/vc_column_text][\/vc_column][vc_column width=&#8221;1\/12&#8221;][\/vc_column][\/vc_row][vc_row full_width=&#8221;stretch_row&#8221; hide_bg_image_on_tablet=&#8221;&#8221; hide_bg_image_on_mobile=&#8221;&#8221; css=&#8221;.vc_custom_1612878574547{background-color: #fcf9de !important;}&#8221;][vc_column width=&#8221;1\/12&#8221;][\/vc_column][vc_column width=&#8221;10\/12&#8221;][vc_column_text css_animation=&#8221;bounceInLeft&#8221; scheme=&#8221;default&#8221;]Volonteri\/volonterke TRAIL\u2013a direktno poma\u017eu organizatoru\/organizatorki prije, tokom i nakon trejl trka i igraju aktivnu ulogu u stvaranju pozitivne&hellip;<\/p>\n","protected":false},"author":1,"featured_media":0,"parent":0,"menu_order":0,"comment_status":"closed","ping_status":"closed","template":"","meta":{"footnotes":""},"class_list":["post-829","page","type-page","status-publish","hentry"],"_links":{"self":[{"href":"https:\/\/alfatrail.net\/index.php?rest_route=\/wp\/v2\/pages\/829","targetHints":{"allow":["GET"]}}],"collection":[{"href":"https:\/\/alfatrail.net\/index.php?rest_route=\/wp\/v2\/pages"}],"about":[{"href":"https:\/\/alfatrail.net\/index.php?rest_route=\/wp\/v2\/types\/page"}],"author":[{"embeddable":true,"href":"https:\/\/alfatrail.net\/index.php?rest_route=\/wp\/v2\/users\/1"}],"replies":[{"embeddable":true,"href":"https:\/\/alfatrail.net\/index.php?rest_route=%2Fwp%2Fv2%2Fcomments&post=829"}],"version-history":[{"count":18,"href":"https:\/\/alfatrail.net\/index.php?rest_route=\/wp\/v2\/pages\/829\/revisions"}],"predecessor-version":[{"id":1907,"href":"https:\/\/alfatrail.net\/index.php?rest_route=\/wp\/v2\/pages\/829\/revisions\/1907"}],"wp:attachment":[{"href":"https:\/\/alfatrail.net\/index.php?rest_route=%2Fwp%2Fv2%2Fmedia&parent=829"}],"curies":[{"name":"wp","href":"https:\/\/api.w.org\/{rel}","templated":true}]}}