{"id":645,"date":"2021-01-20T08:25:20","date_gmt":"2021-01-20T08:25:20","guid":{"rendered":"http:\/\/alfatrail.net\/?page_id=645"},"modified":"2021-03-04T14:51:46","modified_gmt":"2021-03-04T14:51:46","slug":"banja-luka","status":"publish","type":"page","link":"https:\/\/alfatrail.net\/?page_id=645","title":{"rendered":"BANJA LUKA"},"content":{"rendered":"<p>[vc_row full_width=&#8221;stretch_row&#8221; hide_bg_image_on_tablet=&#8221;&#8221; hide_bg_image_on_mobile=&#8221;&#8221; css=&#8221;.vc_custom_1612522808187{background-color: #fcf4e8 !important;}&#8221;][vc_column width=&#8221;1\/12&#8221;][\/vc_column][vc_column width=&#8221;10\/12&#8221;][vc_empty_space hide_on_desktop=&#8221;&#8221; hide_on_notebook=&#8221;&#8221; hide_on_tablet=&#8221;&#8221; hide_on_mobile=&#8221;&#8221;][vc_empty_space hide_on_desktop=&#8221;&#8221; hide_on_notebook=&#8221;&#8221; hide_on_tablet=&#8221;&#8221; hide_on_mobile=&#8221;&#8221;][vc_column_text css_animation=&#8221;bounceIn&#8221;]<\/p>\n<h3 style=\"text-align: center;\"><strong>SMJE\u0160TAJ &#8211; <\/strong><strong>Hostel Hertz <\/strong><strong>&#8211; Banja Luka<\/strong><\/h3>\n<p>[\/vc_column_text][vc_empty_space hide_on_desktop=&#8221;&#8221; hide_on_notebook=&#8221;&#8221; hide_on_tablet=&#8221;&#8221; hide_on_mobile=&#8221;&#8221;][vc_empty_space hide_on_desktop=&#8221;&#8221; hide_on_notebook=&#8221;&#8221; hide_on_tablet=&#8221;&#8221; hide_on_mobile=&#8221;&#8221;][\/vc_column][vc_column width=&#8221;1\/12&#8221;][\/vc_column][\/vc_row][vc_row full_width=&#8221;stretch_row&#8221; hide_bg_image_on_tablet=&#8221;&#8221; hide_bg_image_on_mobile=&#8221;&#8221; css=&#8221;.vc_custom_1612522825435{background-color: #fcf4e8 !important;}&#8221;][vc_column width=&#8221;1\/12&#8221;][\/vc_column][vc_column width=&#8221;10\/12&#8221;][vc_column_text css_animation=&#8221;bounceInLeft&#8221;]Nalazi se 600 metara od Trga Krajine. U okviru objekta na raspolaganju su besplatni WiFi, terasa i besplatno privatno parkirali\u0161te.<br \/>\nKu\u0107ni su ljubimci dobrodo\u0161li.<\/p>\n<p>Za u\u010desnike\u00a0<span style=\"color: #ff0000;\"><big><strong><em>Alfa Traila <\/em><\/strong><\/big><\/span>u Banjoj Luci, cijena no\u0107enja iznosi\u00a0 <big><strong>7\u20ac <\/strong><\/big>\u00a0po osobi i po danu.<\/p>\n<p>Recepcija hostela je otvorena od 7 &#8211; 24h.[\/vc_column_text][\/vc_column][vc_column width=&#8221;1\/12&#8221;][\/vc_column][\/vc_row][vc_row full_width=&#8221;stretch_row&#8221; hide_bg_image_on_tablet=&#8221;&#8221; hide_bg_image_on_mobile=&#8221;&#8221; css=&#8221;.vc_custom_1612522841307{background-color: #fcf4e8 !important;}&#8221;][vc_column width=&#8221;1\/12&#8221;][\/vc_column][vc_column width=&#8221;10\/12&#8221;][vc_empty_space hide_on_desktop=&#8221;&#8221; hide_on_notebook=&#8221;&#8221; hide_on_tablet=&#8221;&#8221; hide_on_mobile=&#8221;&#8221;][vc_empty_space hide_on_desktop=&#8221;&#8221; hide_on_notebook=&#8221;&#8221; hide_on_tablet=&#8221;&#8221; hide_on_mobile=&#8221;&#8221;][vc_btn title=&#8221;REZERVI\u0160I&#8221; shape=&#8221;round&#8221; color=&#8221;juicy-pink&#8221; size=&#8221;lg&#8221; align=&#8221;center&#8221; css_animation=&#8221;flipInY&#8221; button_block=&#8221;true&#8221; link=&#8221;url:https%3A%2F%2Fwww.facebook.com%2Fhostelherz%2F%3Fref%3Dpage_internal|||&#8221;][vc_empty_space hide_on_desktop=&#8221;&#8221; hide_on_notebook=&#8221;&#8221; hide_on_tablet=&#8221;&#8221; hide_on_mobile=&#8221;&#8221;][\/vc_column][vc_column width=&#8221;1\/12&#8221;][\/vc_column][\/vc_row][vc_row full_width=&#8221;stretch_row&#8221; hide_bg_image_on_tablet=&#8221;&#8221; hide_bg_image_on_mobile=&#8221;&#8221; css=&#8221;.vc_custom_1614591437978{background: #fcf4e8 url(http:\/\/alfatrail.net\/wp-content\/uploads\/2021\/02\/101543832_3364175280261187_8560309883277148160_n.jpg?id=1260) !important;background-position: top left !important;}&#8221;][vc_column width=&#8221;1\/12&#8221;][\/vc_column][vc_column width=&#8221;5\/12&#8221;][vc_empty_space alter_height=&#8221;small&#8221; hide_on_desktop=&#8221;&#8221; hide_on_notebook=&#8221;&#8221; hide_on_tablet=&#8221;&#8221; hide_on_mobile=&#8221;&#8221;][vc_empty_space alter_height=&#8221;small&#8221; hide_on_desktop=&#8221;&#8221; hide_on_notebook=&#8221;&#8221; hide_on_tablet=&#8221;&#8221; hide_on_mobile=&#8221;&#8221;]<div id=\"widget_slider_534348113\" class=\"widget_area sc_widget_slider vc_widget_slider wpb_content_element\"><aside id=\"widget_slider_534348113_widget\" class=\"widget widget_slider\">\t\t\t<div class=\"slider_wrap slider_engine_swiper\">\n\t\t\t\t<div id=\"widget_slider_534348113_outer\" class=\"slider_outer slider_swiper_outer slider_style_default slider_outer_direction_horizontal slider_outer_one slider_outer_nopagination slider_outer_controls slider_outer_controls_side slider_outer_titles_rb\"><div id=\"widget_slider_534348113_swiper\" class=\"slider_container slider_swiper swiper-slider-container slider_controls slider_controls_side slider_titles_rb slider_resize slider_height_auto slider_direction_horizontal slider_nopagination slider_one slider_type_bg\" data-ratio=\"22:11\" data-interval=\"7000\" data-effect=\"slide\" data-pagination=\"bullets\" data-direction=\"horizontal\" data-slides-per-view=\"1\" data-slides-space=\"0\"><div class=\"slider-wrapper swiper-wrapper\"><div  class=\"slider-slide swiper-slide\" data-image=\"https:\/\/alfatrail.net\/wp-content\/uploads\/2021\/02\/101572405_3364175170261198_6978510356289159168_n.jpg\" style=\"background-image:url(https:\/\/alfatrail.net\/wp-content\/uploads\/2021\/02\/101572405_3364175170261198_6978510356289159168_n.jpg);\"><\/div><div  class=\"slider-slide swiper-slide\" data-image=\"https:\/\/alfatrail.net\/wp-content\/uploads\/2021\/02\/101543832_3364175280261187_8560309883277148160_n.jpg\" style=\"background-image:url(https:\/\/alfatrail.net\/wp-content\/uploads\/2021\/02\/101543832_3364175280261187_8560309883277148160_n.jpg);\"><\/div><div  class=\"slider-slide swiper-slide\" data-image=\"https:\/\/alfatrail.net\/wp-content\/uploads\/2021\/03\/101281138_3350895958255786_1693331044456988672_n.jpg\" style=\"background-image:url(https:\/\/alfatrail.net\/wp-content\/uploads\/2021\/03\/101281138_3350895958255786_1693331044456988672_n.jpg);\"><\/div><div  class=\"slider-slide swiper-slide\" data-image=\"https:\/\/alfatrail.net\/wp-content\/uploads\/2021\/03\/80218024_2967231503288902_676261288157904896_n.jpg\" style=\"background-image:url(https:\/\/alfatrail.net\/wp-content\/uploads\/2021\/03\/80218024_2967231503288902_676261288157904896_n.jpg);\"><\/div><\/div><!-- \/.slider-wrapper --><div class=\"slider_controls_wrap\"><a class=\"slider_prev swiper-button-prev\" href=\"#\"><\/a><a class=\"slider_next swiper-button-next\" href=\"#\"><\/a><\/div><\/div><!-- \/.slider_container --><\/div><!-- \/.slider_outer -->\t\t\t<\/div>\n\t\t\t<\/aside><\/div>[\/vc_column][vc_column width=&#8221;5\/12&#8221;][vc_empty_space alter_height=&#8221;small&#8221; hide_on_desktop=&#8221;&#8221; hide_on_notebook=&#8221;&#8221; hide_on_tablet=&#8221;&#8221; hide_on_mobile=&#8221;&#8221;][vc_column_text css_animation=&#8221;flipInY&#8221;]<\/p>\n<blockquote class=\"trx_addons_blockquote_style_1\">\n<p><strong>Hostel Herz<\/strong><br \/>\nMilana Raki\u0107a 22<br \/>\n78000 Banja Luka, RS<br \/>\nBosna &amp; Hercegovina<br \/>\n___________<br \/>\n+387 66 617 627<\/p>\n<p><a href=\"mailto:hostelhertz@gmail.com\">hostelhertz@gmail.com<\/a><\/p>\n<\/blockquote>\n<p>[\/vc_column_text][vc_empty_space alter_height=&#8221;small&#8221; hide_on_desktop=&#8221;&#8221; hide_on_notebook=&#8221;&#8221; hide_on_tablet=&#8221;&#8221; hide_on_mobile=&#8221;&#8221;][\/vc_column][vc_column width=&#8221;1\/12&#8221;][\/vc_column][\/vc_row][vc_row full_width=&#8221;stretch_row&#8221; hide_bg_image_on_tablet=&#8221;&#8221; hide_bg_image_on_mobile=&#8221;&#8221; css=&#8221;.vc_custom_1613563978325{background-color: #fcf4e8 !important;}&#8221;][vc_column][vc_empty_space alter_height=&#8221;small&#8221; hide_on_desktop=&#8221;&#8221; hide_on_notebook=&#8221;&#8221; hide_on_tablet=&#8221;&#8221; hide_on_mobile=&#8221;&#8221;][vc_empty_space alter_height=&#8221;small&#8221; hide_on_desktop=&#8221;&#8221; hide_on_notebook=&#8221;&#8221; hide_on_tablet=&#8221;&#8221; hide_on_mobile=&#8221;&#8221;][vc_empty_space alter_height=&#8221;small&#8221; hide_on_desktop=&#8221;&#8221; hide_on_notebook=&#8221;&#8221; hide_on_tablet=&#8221;&#8221; hide_on_mobile=&#8221;&#8221;][vc_column_text css_animation=&#8221;bounceIn&#8221;]<\/p>\n<h3 style=\"text-align: center;\">Planinarski dom &#8220;\u0160ibovi&#8221;<\/h3>\n<p>[\/vc_column_text][vc_empty_space alter_height=&#8221;small&#8221; hide_on_desktop=&#8221;&#8221; hide_on_notebook=&#8221;&#8221; hide_on_tablet=&#8221;&#8221; hide_on_mobile=&#8221;&#8221;][\/vc_column][\/vc_row][vc_row full_width=&#8221;stretch_row&#8221; hide_bg_image_on_tablet=&#8221;&#8221; hide_bg_image_on_mobile=&#8221;&#8221; css=&#8221;.vc_custom_1613563991907{background-color: #fcf4e8 !important;}&#8221;][vc_column width=&#8221;1\/12&#8221;][\/vc_column][vc_column width=&#8221;10\/12&#8221;][vc_column_text css_animation=&#8221;fadeInLeft&#8221;]Smje\u0161ten je u zelenoj oazi sa koje se pru\u017ea panoramski pogled na cijeli grad, pru\u017ea idealan smje\u0161taj za trka\u010de i sve ljubitelje prirode.<\/p>\n<p>Udaljen je 3 km od centra, kvalitetnim putem.<\/p>\n<p>Dom trenutno raspola\u017ee sa 30 le\u017eajeva u moderno opremljenim spavaonicama.<\/p>\n<p>Domom raspola\u017ee i upravlja Planinarsko dru\u0161tvo \u201eKozara\u201c iz Banja Luke.<\/p>\n<p>Za\u00a0 u\u010desnike Alfa Trail lige cijena no\u0107enja iznosi <strong>10 KM (6\u20ac)<\/strong> po osobi i po danu.<\/p>\n<p>Gosti na raspolaganju imaju parking mjesto.[\/vc_column_text][\/vc_column][vc_column width=&#8221;1\/12&#8221;][\/vc_column][\/vc_row][vc_row full_width=&#8221;stretch_row&#8221; hide_bg_image_on_tablet=&#8221;&#8221; hide_bg_image_on_mobile=&#8221;&#8221; css=&#8221;.vc_custom_1613564005948{background-color: #fcf4e8 !important;}&#8221;][vc_column width=&#8221;1\/12&#8221;][\/vc_column][vc_column width=&#8221;10\/12&#8221;][vc_empty_space alter_height=&#8221;small&#8221; hide_on_desktop=&#8221;&#8221; hide_on_notebook=&#8221;&#8221; hide_on_tablet=&#8221;&#8221; hide_on_mobile=&#8221;&#8221;][vc_btn title=&#8221;REZERVI\u0160I&#8221; shape=&#8221;round&#8221; color=&#8221;juicy-pink&#8221; size=&#8221;lg&#8221; align=&#8221;center&#8221; css_animation=&#8221;flipInY&#8221; button_block=&#8221;true&#8221; link=&#8221;url:https%3A%2F%2Fwww.facebook.com%2Fpages%2FPlaninarski-Dom-%25C5%25A0ibovi-P-D-Kozara%2F609524002844696|||&#8221;][vc_empty_space alter_height=&#8221;small&#8221; hide_on_desktop=&#8221;&#8221; hide_on_notebook=&#8221;&#8221; hide_on_tablet=&#8221;&#8221; hide_on_mobile=&#8221;&#8221;][\/vc_column][vc_column width=&#8221;1\/12&#8221;][\/vc_column][\/vc_row][vc_row full_width=&#8221;stretch_row&#8221; hide_bg_image_on_tablet=&#8221;&#8221; hide_bg_image_on_mobile=&#8221;&#8221; css=&#8221;.vc_custom_1614869459184{background-image: url(http:\/\/alfatrail.net\/wp-content\/uploads\/2021\/03\/aaaDSC_6415-01.jpg?id=1896) !important;background-position: center !important;background-repeat: no-repeat !important;background-size: cover !important;}&#8221;][vc_column width=&#8221;1\/12&#8221;][\/vc_column][vc_column width=&#8221;5\/12&#8221;][vc_empty_space alter_height=&#8221;small&#8221; hide_on_desktop=&#8221;&#8221; hide_on_notebook=&#8221;&#8221; hide_on_tablet=&#8221;&#8221; hide_on_mobile=&#8221;&#8221;][vc_empty_space alter_height=&#8221;small&#8221; hide_on_desktop=&#8221;&#8221; hide_on_notebook=&#8221;&#8221; hide_on_tablet=&#8221;&#8221; hide_on_mobile=&#8221;&#8221;]<div id=\"widget_slider_1588521534\" class=\"widget_area sc_widget_slider vc_widget_slider wpb_content_element\"><aside id=\"widget_slider_1588521534_widget\" class=\"widget widget_slider\">\t\t\t<div class=\"slider_wrap slider_engine_swiper\">\n\t\t\t\t<div id=\"widget_slider_1588521534_outer\" class=\"slider_outer slider_swiper_outer slider_style_default slider_outer_direction_horizontal slider_outer_one slider_outer_nopagination slider_outer_controls slider_outer_controls_side slider_outer_titles_center\"><div id=\"widget_slider_1588521534_swiper\" class=\"slider_container slider_swiper swiper-slider-container slider_controls slider_controls_side slider_titles_center slider_resize slider_height_auto slider_direction_horizontal slider_nopagination slider_one slider_type_bg\" data-ratio=\"16:9\" data-interval=\"7000\" data-effect=\"slide\" data-pagination=\"bullets\" data-direction=\"horizontal\" data-slides-per-view=\"1\" data-slides-space=\"0\"><div class=\"slider-wrapper swiper-wrapper\"><div  class=\"slider-slide swiper-slide\" data-image=\"https:\/\/alfatrail.net\/wp-content\/uploads\/2021\/03\/106038405_1828060997336559_8191006793057774198_o.jpg\" style=\"background-image:url(https:\/\/alfatrail.net\/wp-content\/uploads\/2021\/03\/106038405_1828060997336559_8191006793057774198_o.jpg);\"><\/div><div  class=\"slider-slide swiper-slide\" data-image=\"https:\/\/alfatrail.net\/wp-content\/uploads\/2021\/03\/DSC_3637-scaled.jpg\" style=\"background-image:url(https:\/\/alfatrail.net\/wp-content\/uploads\/2021\/03\/DSC_3637-scaled.jpg);\"><\/div><div  class=\"slider-slide swiper-slide\" data-image=\"https:\/\/alfatrail.net\/wp-content\/uploads\/2021\/03\/DSC_3666-scaled.jpg\" style=\"background-image:url(https:\/\/alfatrail.net\/wp-content\/uploads\/2021\/03\/DSC_3666-scaled.jpg);\"><\/div><div  class=\"slider-slide swiper-slide\" data-image=\"https:\/\/alfatrail.net\/wp-content\/uploads\/2021\/03\/DSC_3728-scaled.jpg\" style=\"background-image:url(https:\/\/alfatrail.net\/wp-content\/uploads\/2021\/03\/DSC_3728-scaled.jpg);\"><\/div><div  class=\"slider-slide swiper-slide\" data-image=\"https:\/\/alfatrail.net\/wp-content\/uploads\/2021\/03\/DSC_3748-scaled.jpg\" style=\"background-image:url(https:\/\/alfatrail.net\/wp-content\/uploads\/2021\/03\/DSC_3748-scaled.jpg);\"><\/div><div  class=\"slider-slide swiper-slide\" data-image=\"https:\/\/alfatrail.net\/wp-content\/uploads\/2021\/03\/20200309102348_308641.jpg\" style=\"background-image:url(https:\/\/alfatrail.net\/wp-content\/uploads\/2021\/03\/20200309102348_308641.jpg);\"><\/div><\/div><!-- \/.slider-wrapper --><div class=\"slider_controls_wrap\"><a class=\"slider_prev swiper-button-prev\" href=\"#\"><\/a><a class=\"slider_next swiper-button-next\" href=\"#\"><\/a><\/div><\/div><!-- \/.slider_container --><\/div><!-- \/.slider_outer -->\t\t\t<\/div>\n\t\t\t<\/aside><\/div>[\/vc_column][vc_column width=&#8221;5\/12&#8221;][vc_empty_space alter_height=&#8221;small&#8221; hide_on_desktop=&#8221;&#8221; hide_on_notebook=&#8221;&#8221; hide_on_tablet=&#8221;&#8221; hide_on_mobile=&#8221;&#8221;][vc_empty_space alter_height=&#8221;small&#8221; hide_on_desktop=&#8221;&#8221; hide_on_notebook=&#8221;&#8221; hide_on_tablet=&#8221;&#8221; hide_on_mobile=&#8221;&#8221;][vc_column_text css_animation=&#8221;flipInY&#8221;]<\/p>\n<blockquote>\n<p>Kontaktirajte putem telefona:<\/p>\n<ul>\n<li>+387 (0) 66 444 031<\/li>\n<\/ul>\n<p>E-mail: <a href=\"mailto:tamara.pantos@gmail.com\">tamara.pantos@gmail.com<\/a><\/p>\n<\/blockquote>\n<p>[\/vc_column_text][vc_empty_space alter_height=&#8221;small&#8221; hide_on_desktop=&#8221;&#8221; hide_on_notebook=&#8221;&#8221; hide_on_tablet=&#8221;&#8221; hide_on_mobile=&#8221;&#8221;][vc_empty_space alter_height=&#8221;small&#8221; hide_on_desktop=&#8221;&#8221; hide_on_notebook=&#8221;&#8221; hide_on_tablet=&#8221;&#8221; hide_on_mobile=&#8221;&#8221;][\/vc_column][vc_column width=&#8221;1\/12&#8221;][\/vc_column][\/vc_row]<\/p>\n","protected":false},"excerpt":{"rendered":"<p>[vc_row full_width=&#8221;stretch_row&#8221; hide_bg_image_on_tablet=&#8221;&#8221; hide_bg_image_on_mobile=&#8221;&#8221; css=&#8221;.vc_custom_1612522808187{background-color: #fcf4e8 !important;}&#8221;][vc_column width=&#8221;1\/12&#8221;][\/vc_column][vc_column width=&#8221;10\/12&#8221;][vc_empty_space hide_on_desktop=&#8221;&#8221; hide_on_notebook=&#8221;&#8221; hide_on_tablet=&#8221;&#8221; hide_on_mobile=&#8221;&#8221;][vc_empty_space hide_on_desktop=&#8221;&#8221; hide_on_notebook=&#8221;&#8221; hide_on_tablet=&#8221;&#8221; hide_on_mobile=&#8221;&#8221;][vc_column_text css_animation=&#8221;bounceIn&#8221;] SMJE\u0160TAJ &#8211; Hostel Hertz &#8211; Banja Luka [\/vc_column_text][vc_empty_space hide_on_desktop=&#8221;&#8221; hide_on_notebook=&#8221;&#8221; hide_on_tablet=&#8221;&#8221; hide_on_mobile=&#8221;&#8221;][vc_empty_space hide_on_desktop=&#8221;&#8221; hide_on_notebook=&#8221;&#8221; hide_on_tablet=&#8221;&#8221; hide_on_mobile=&#8221;&#8221;][\/vc_column][vc_column width=&#8221;1\/12&#8221;][\/vc_column][\/vc_row][vc_row full_width=&#8221;stretch_row&#8221; hide_bg_image_on_tablet=&#8221;&#8221; hide_bg_image_on_mobile=&#8221;&#8221; css=&#8221;.vc_custom_1612522825435{background-color: #fcf4e8 !important;}&#8221;][vc_column width=&#8221;1\/12&#8221;][\/vc_column][vc_column width=&#8221;10\/12&#8221;][vc_column_text css_animation=&#8221;bounceInLeft&#8221;]Nalazi se&hellip;<\/p>\n","protected":false},"author":1,"featured_media":0,"parent":0,"menu_order":0,"comment_status":"closed","ping_status":"closed","template":"","meta":{"footnotes":""},"class_list":["post-645","page","type-page","status-publish","hentry"],"_links":{"self":[{"href":"https:\/\/alfatrail.net\/index.php?rest_route=\/wp\/v2\/pages\/645","targetHints":{"allow":["GET"]}}],"collection":[{"href":"https:\/\/alfatrail.net\/index.php?rest_route=\/wp\/v2\/pages"}],"about":[{"href":"https:\/\/alfatrail.net\/index.php?rest_route=\/wp\/v2\/types\/page"}],"author":[{"embeddable":true,"href":"https:\/\/alfatrail.net\/index.php?rest_route=\/wp\/v2\/users\/1"}],"replies":[{"embeddable":true,"href":"https:\/\/alfatrail.net\/index.php?rest_route=%2Fwp%2Fv2%2Fcomments&post=645"}],"version-history":[{"count":73,"href":"https:\/\/alfatrail.net\/index.php?rest_route=\/wp\/v2\/pages\/645\/revisions"}],"predecessor-version":[{"id":1898,"href":"https:\/\/alfatrail.net\/index.php?rest_route=\/wp\/v2\/pages\/645\/revisions\/1898"}],"wp:attachment":[{"href":"https:\/\/alfatrail.net\/index.php?rest_route=%2Fwp%2Fv2%2Fmedia&parent=645"}],"curies":[{"name":"wp","href":"https:\/\/api.w.org\/{rel}","templated":true}]}}