{"id":633,"date":"2021-01-20T08:07:07","date_gmt":"2021-01-20T08:07:07","guid":{"rendered":"http:\/\/alfatrail.net\/?page_id=633"},"modified":"2021-03-05T08:31:01","modified_gmt":"2021-03-05T08:31:01","slug":"akademija","status":"publish","type":"page","link":"https:\/\/alfatrail.net\/?page_id=633","title":{"rendered":"AKADEMIJA"},"content":{"rendered":"<p>[vc_row full_width=&#8221;stretch_row&#8221; hide_bg_image_on_tablet=&#8221;&#8221; hide_bg_image_on_mobile=&#8221;&#8221; css=&#8221;.vc_custom_1612873638987{background-color: #fcf9de !important;}&#8221;][vc_column width=&#8221;1\/12&#8221;][\/vc_column][vc_column width=&#8221;10\/12&#8221;][vc_empty_space hide_on_desktop=&#8221;&#8221; hide_on_notebook=&#8221;&#8221; hide_on_tablet=&#8221;&#8221; hide_on_mobile=&#8221;&#8221;][vc_empty_space hide_on_desktop=&#8221;&#8221; hide_on_notebook=&#8221;&#8221; hide_on_tablet=&#8221;&#8221; hide_on_mobile=&#8221;&#8221;][vc_column_text css_animation=&#8221;bounceIn&#8221;]<\/p>\n<h3>AKADEMIJA<\/h3>\n<p>[\/vc_column_text][vc_empty_space hide_on_desktop=&#8221;&#8221; hide_on_notebook=&#8221;&#8221; hide_on_tablet=&#8221;&#8221; hide_on_mobile=&#8221;&#8221;][vc_empty_space hide_on_desktop=&#8221;&#8221; hide_on_notebook=&#8221;&#8221; hide_on_tablet=&#8221;&#8221; hide_on_mobile=&#8221;&#8221;][vc_column_text css_animation=&#8221;fadeInLeft&#8221;]<strong>Ukoliko ste \u017eeljni novih iskustava, sticanja zdravih navika, te novih poznanstava, na\u0161a \u0161kola tr\u010danja je prava aktivnost za vas.<\/strong> Na\u0161 trener <strong>Du\u0161ko Mari\u0107\u2013 Dule<\/strong> uve\u0161\u0107e vas u svijet rekreativnog i profesionalnog <strong>trail tr\u010danja.<\/strong>[\/vc_column_text][vc_empty_space hide_on_desktop=&#8221;&#8221; hide_on_notebook=&#8221;&#8221; hide_on_tablet=&#8221;&#8221; hide_on_mobile=&#8221;&#8221;][vc_empty_space hide_on_desktop=&#8221;&#8221; hide_on_notebook=&#8221;&#8221; hide_on_tablet=&#8221;&#8221; hide_on_mobile=&#8221;&#8221;][\/vc_column][vc_column width=&#8221;1\/12&#8221;][\/vc_column][\/vc_row][vc_row full_width=&#8221;stretch_row&#8221; hide_bg_image_on_tablet=&#8221;&#8221; hide_bg_image_on_mobile=&#8221;&#8221; css=&#8221;.vc_custom_1612873654451{background-color: #fcf9de !important;}&#8221;][vc_column width=&#8221;1\/12&#8221;][\/vc_column][vc_column width=&#8221;10\/12&#8221;][vc_column_text css_animation=&#8221;zoomIn&#8221;]<\/p>\n<blockquote class=\"trx_addons_blockquote_style_2\">\n<p style=\"text-align: center;\">Uz na\u0161e rekreativne trke, upozna\u0107ete prirodne ljepote banjalu\u010dkog kraja.<\/p>\n<\/blockquote>\n<p>[\/vc_column_text][vc_empty_space hide_on_desktop=&#8221;&#8221; hide_on_notebook=&#8221;&#8221; hide_on_tablet=&#8221;&#8221; hide_on_mobile=&#8221;&#8221;][vc_empty_space hide_on_desktop=&#8221;&#8221; hide_on_notebook=&#8221;&#8221; hide_on_tablet=&#8221;&#8221; hide_on_mobile=&#8221;&#8221;][\/vc_column][vc_column width=&#8221;1\/12&#8221;][\/vc_column][\/vc_row][vc_row full_width=&#8221;stretch_row&#8221; hide_bg_image_on_tablet=&#8221;&#8221; hide_bg_image_on_mobile=&#8221;&#8221; css=&#8221;.vc_custom_1612873686589{background-color: #fcf9de !important;}&#8221;][vc_column width=&#8221;1\/12&#8221;][\/vc_column][vc_column width=&#8221;10\/12&#8221;][vc_empty_space hide_on_desktop=&#8221;&#8221; hide_on_notebook=&#8221;&#8221; hide_on_tablet=&#8221;&#8221; hide_on_mobile=&#8221;&#8221;][vc_column_text css_animation=&#8221;top-to-bottom&#8221;]<\/p>\n<h6 style=\"text-align: center;\"><em>Trail tr\u010danje je tr\u010danje po unaprijed odre\u0111enim i ozna\u010denim prirodnim terenima. Ovaj oblik rekreacije je u posljednih nekoliko godina do\u017eivio veliku popularnost kako profesionalaca tako i rekreatvaca. Trail trke karakteri\u0161e opu\u0161tena i pozitivna atmosfera drugih takmi\u010dara, dru\u017eeljubivost i prirodno okru\u017eenje.<\/em><\/h6>\n<p>[\/vc_column_text][vc_empty_space hide_on_desktop=&#8221;&#8221; hide_on_notebook=&#8221;&#8221; hide_on_tablet=&#8221;&#8221; hide_on_mobile=&#8221;&#8221;][vc_column_text css_animation=&#8221;bounceIn&#8221;]<img loading=\"lazy\" decoding=\"async\" class=\"wp-image-1904 size-hello_summer-thumb-huge aligncenter\" src=\"http:\/\/alfatrail.net\/wp-content\/uploads\/2021\/03\/DSC_6385-1-1276x718.jpg\" alt=\"\" width=\"1170\" height=\"658\" srcset=\"https:\/\/alfatrail.net\/wp-content\/uploads\/2021\/03\/DSC_6385-1-1276x718.jpg 1276w, https:\/\/alfatrail.net\/wp-content\/uploads\/2021\/03\/DSC_6385-1-622x350.jpg 622w, https:\/\/alfatrail.net\/wp-content\/uploads\/2021\/03\/DSC_6385-1-270x152.jpg 270w\" sizes=\"auto, (max-width: 1170px) 100vw, 1170px\" \/>[\/vc_column_text][\/vc_column][vc_column width=&#8221;1\/12&#8221;][\/vc_column][\/vc_row][vc_row full_width=&#8221;stretch_row&#8221; hide_bg_image_on_tablet=&#8221;&#8221; hide_bg_image_on_mobile=&#8221;&#8221; css=&#8221;.vc_custom_1613487180934{background-color: #fcf4e8 !important;}&#8221;][vc_column width=&#8221;1\/12&#8221;][\/vc_column][vc_column width=&#8221;10\/12&#8221;][vc_empty_space hide_on_desktop=&#8221;&#8221; hide_on_notebook=&#8221;&#8221; hide_on_tablet=&#8221;&#8221; hide_on_mobile=&#8221;&#8221;][vc_column_text css_animation=&#8221;fadeInRight&#8221;]<em>Nutricionisti\u010dka, anatomska i fiziolo\u0161ka<\/em> znanja koja \u0107ete usvojiti na teoretskom segmentu akademije poslu\u017ei\u0107e vam kao <strong>odli\u010dan temelj<\/strong> za gra\u0111enje trail tehnike usvojene na na\u0161im treninzima.[\/vc_column_text][\/vc_column][vc_column width=&#8221;1\/12&#8221;][\/vc_column][\/vc_row][vc_row full_width=&#8221;stretch_row&#8221; hide_bg_image_on_tablet=&#8221;&#8221; hide_bg_image_on_mobile=&#8221;&#8221; css=&#8221;.vc_custom_1612873800612{background-color: #fcf4e8 !important;}&#8221;][vc_column width=&#8221;1\/12&#8221;][\/vc_column][vc_column width=&#8221;10\/12&#8221;][vc_empty_space hide_on_desktop=&#8221;&#8221; hide_on_notebook=&#8221;&#8221; hide_on_tablet=&#8221;&#8221; hide_on_mobile=&#8221;&#8221;][vc_column_text css_animation=&#8221;fadeInRightBig&#8221;]Monotoniju klasi\u010dnog treninga razbi\u0107emo <em>stalnim promjenama lokacija<\/em> vje\u017ebanja. U okviru \u0161kole vodi\u0107emo ra\u010duna se o \u017eeljama \u010dlanova, te \u0107e biti uklju\u010dene mini pripreme, odnosno kampovi na obroncima na\u0161ih planina. Tako\u0111e, oformi\u0107emo kalendar zakazanih trka, kao i manja dru\u017eenja na\u0161ih \u010dlanova.[\/vc_column_text][vc_empty_space hide_on_desktop=&#8221;&#8221; hide_on_notebook=&#8221;&#8221; hide_on_tablet=&#8221;&#8221; hide_on_mobile=&#8221;&#8221;][vc_empty_space hide_on_desktop=&#8221;&#8221; hide_on_notebook=&#8221;&#8221; hide_on_tablet=&#8221;&#8221; hide_on_mobile=&#8221;&#8221;][vc_column_text css_animation=&#8221;bounceInLeft&#8221;]<\/p>\n<h6 style=\"text-align: center;\">Ukoliko \u017eelite da se prijaviti za na\u0161u \u0161kolu, ili ako imate bilo kakvih pitanja ili nedoumica u vezi sa njenim organizovanja, mo\u017eete nas kontaktirati:<\/h6>\n<p>[\/vc_column_text][vc_empty_space hide_on_desktop=&#8221;&#8221; hide_on_notebook=&#8221;&#8221; hide_on_tablet=&#8221;&#8221; hide_on_mobile=&#8221;&#8221;][vc_empty_space hide_on_desktop=&#8221;&#8221; hide_on_notebook=&#8221;&#8221; hide_on_tablet=&#8221;&#8221; hide_on_mobile=&#8221;&#8221;][\/vc_column][vc_column width=&#8221;1\/12&#8221;][\/vc_column][\/vc_row][vc_row full_width=&#8221;stretch_row&#8221; hide_bg_image_on_tablet=&#8221;&#8221; hide_bg_image_on_mobile=&#8221;&#8221; css=&#8221;.vc_custom_1612873814210{background-color: #fcf4e8 !important;}&#8221;][vc_column width=&#8221;1\/12&#8221;][\/vc_column][vc_column width=&#8221;10\/12&#8221;][vc_column_text css_animation=&#8221;zoomIn&#8221;]<\/p>\n<blockquote>\n<p style=\"text-align: center;\">dulefitnes@gmail.com<\/p>\n<p style=\"text-align: center;\">ili telefonom na broj (+387) 66 017205 (Du\u0161ko Mari\u0107)<\/p>\n<\/blockquote>\n<p>[\/vc_column_text][vc_empty_space hide_on_desktop=&#8221;&#8221; hide_on_notebook=&#8221;&#8221; hide_on_tablet=&#8221;&#8221; hide_on_mobile=&#8221;&#8221;][vc_empty_space hide_on_desktop=&#8221;&#8221; hide_on_notebook=&#8221;&#8221; hide_on_tablet=&#8221;&#8221; hide_on_mobile=&#8221;&#8221;][vc_empty_space hide_on_desktop=&#8221;&#8221; hide_on_notebook=&#8221;&#8221; hide_on_tablet=&#8221;&#8221; hide_on_mobile=&#8221;&#8221;][vc_empty_space hide_on_desktop=&#8221;&#8221; hide_on_notebook=&#8221;&#8221; hide_on_tablet=&#8221;&#8221; hide_on_mobile=&#8221;&#8221;][\/vc_column][vc_column width=&#8221;1\/12&#8221;][\/vc_column][\/vc_row][vc_row full_width=&#8221;stretch_row&#8221; hide_bg_image_on_tablet=&#8221;&#8221; hide_bg_image_on_mobile=&#8221;&#8221; css=&#8221;.vc_custom_1614608198789{background-color: #fcf4e8 !important;}&#8221;][vc_column width=&#8221;1\/12&#8221;][\/vc_column][vc_column width=&#8221;5\/12&#8221;][vc_column_text css_animation=&#8221;bounceInLeft&#8221;]<\/p>\n<h3 style=\"font-weight: 400;\"><strong><em>DU\u0160KO MARI\u0106<\/em><\/strong><\/h3>\n<h6><em>Biografija:TRENER<\/em><\/h6>\n<p style=\"font-weight: 400;\">Diplomirani sportski trener, licencirani fitness trener ispred Evropskog fitness saveza. Dugogodi\u0161nji je atleti\u010dar i aktuelni rekorder RS u skoku u vis, a radio je i kao kondicioni trener u odbojka\u0161kim klubovima \u201cBorac\u201d i \u201cBL Volley\u201d. Uz formalno obrazovanje, zavr\u0161io je i 10 stru\u010dnih edukacija iz oblasti body weighta, prevencije i rehabilitacije povreda i nutriciologije.<\/p>\n<p>[\/vc_column_text][vc_empty_space hide_on_desktop=&#8221;&#8221; hide_on_notebook=&#8221;&#8221; hide_on_tablet=&#8221;&#8221; hide_on_mobile=&#8221;&#8221;][vc_empty_space hide_on_desktop=&#8221;&#8221; hide_on_notebook=&#8221;&#8221; hide_on_tablet=&#8221;&#8221; hide_on_mobile=&#8221;&#8221;][\/vc_column][vc_column width=&#8221;5\/12&#8221;][vc_column_text css_animation=&#8221;bounceIn&#8221;]<figure id=\"attachment_1482\" aria-describedby=\"caption-attachment-1482\" style=\"width: 370px\" class=\"wp-caption aligncenter\"><img loading=\"lazy\" decoding=\"async\" class=\"wp-image-1482 size-trx_addons-thumb-avatar\" src=\"http:\/\/alfatrail.net\/wp-content\/uploads\/2021\/03\/45754849_10215614270902419_1668032583276953600_o-1-370x370.jpg\" alt=\"\" width=\"370\" height=\"370\" srcset=\"https:\/\/alfatrail.net\/wp-content\/uploads\/2021\/03\/45754849_10215614270902419_1668032583276953600_o-1-370x370.jpg 370w, https:\/\/alfatrail.net\/wp-content\/uploads\/2021\/03\/45754849_10215614270902419_1668032583276953600_o-1-150x150.jpg 150w, https:\/\/alfatrail.net\/wp-content\/uploads\/2021\/03\/45754849_10215614270902419_1668032583276953600_o-1-90x90.jpg 90w, https:\/\/alfatrail.net\/wp-content\/uploads\/2021\/03\/45754849_10215614270902419_1668032583276953600_o-1-760x760.jpg 760w\" sizes=\"auto, (max-width: 370px) 100vw, 370px\" \/><figcaption id=\"caption-attachment-1482\" class=\"wp-caption-text\">Du\u0161ko Mari\u0107<\/figcaption><\/figure><\/p>\n<p>&nbsp;[\/vc_column_text][vc_empty_space hide_on_desktop=&#8221;&#8221; hide_on_notebook=&#8221;&#8221; hide_on_tablet=&#8221;&#8221; hide_on_mobile=&#8221;&#8221;][vc_empty_space hide_on_desktop=&#8221;&#8221; hide_on_notebook=&#8221;&#8221; hide_on_tablet=&#8221;&#8221; hide_on_mobile=&#8221;&#8221;][vc_empty_space hide_on_desktop=&#8221;&#8221; hide_on_notebook=&#8221;&#8221; hide_on_tablet=&#8221;&#8221; hide_on_mobile=&#8221;&#8221;][\/vc_column][vc_column width=&#8221;1\/12&#8221;][\/vc_column][\/vc_row]<\/p>\n","protected":false},"excerpt":{"rendered":"<p>[vc_row full_width=&#8221;stretch_row&#8221; hide_bg_image_on_tablet=&#8221;&#8221; hide_bg_image_on_mobile=&#8221;&#8221; css=&#8221;.vc_custom_1612873638987{background-color: #fcf9de !important;}&#8221;][vc_column width=&#8221;1\/12&#8221;][\/vc_column][vc_column width=&#8221;10\/12&#8221;][vc_empty_space hide_on_desktop=&#8221;&#8221; hide_on_notebook=&#8221;&#8221; hide_on_tablet=&#8221;&#8221; hide_on_mobile=&#8221;&#8221;][vc_empty_space hide_on_desktop=&#8221;&#8221; hide_on_notebook=&#8221;&#8221; hide_on_tablet=&#8221;&#8221; hide_on_mobile=&#8221;&#8221;][vc_column_text css_animation=&#8221;bounceIn&#8221;] AKADEMIJA [\/vc_column_text][vc_empty_space hide_on_desktop=&#8221;&#8221; hide_on_notebook=&#8221;&#8221; hide_on_tablet=&#8221;&#8221; hide_on_mobile=&#8221;&#8221;][vc_empty_space hide_on_desktop=&#8221;&#8221; hide_on_notebook=&#8221;&#8221; hide_on_tablet=&#8221;&#8221; hide_on_mobile=&#8221;&#8221;][vc_column_text css_animation=&#8221;fadeInLeft&#8221;]Ukoliko ste \u017eeljni novih iskustava, sticanja zdravih navika, te novih poznanstava, na\u0161a \u0161kola tr\u010danja je prava aktivnost&hellip;<\/p>\n","protected":false},"author":1,"featured_media":0,"parent":0,"menu_order":0,"comment_status":"closed","ping_status":"closed","template":"","meta":{"footnotes":""},"class_list":["post-633","page","type-page","status-publish","hentry"],"_links":{"self":[{"href":"https:\/\/alfatrail.net\/index.php?rest_route=\/wp\/v2\/pages\/633","targetHints":{"allow":["GET"]}}],"collection":[{"href":"https:\/\/alfatrail.net\/index.php?rest_route=\/wp\/v2\/pages"}],"about":[{"href":"https:\/\/alfatrail.net\/index.php?rest_route=\/wp\/v2\/types\/page"}],"author":[{"embeddable":true,"href":"https:\/\/alfatrail.net\/index.php?rest_route=\/wp\/v2\/users\/1"}],"replies":[{"embeddable":true,"href":"https:\/\/alfatrail.net\/index.php?rest_route=%2Fwp%2Fv2%2Fcomments&post=633"}],"version-history":[{"count":39,"href":"https:\/\/alfatrail.net\/index.php?rest_route=\/wp\/v2\/pages\/633\/revisions"}],"predecessor-version":[{"id":1905,"href":"https:\/\/alfatrail.net\/index.php?rest_route=\/wp\/v2\/pages\/633\/revisions\/1905"}],"wp:attachment":[{"href":"https:\/\/alfatrail.net\/index.php?rest_route=%2Fwp%2Fv2%2Fmedia&parent=633"}],"curies":[{"name":"wp","href":"https:\/\/api.w.org\/{rel}","templated":true}]}}