{"id":1498,"date":"2021-03-01T14:37:04","date_gmt":"2021-03-01T14:37:04","guid":{"rendered":"http:\/\/alfatrail.net\/?page_id=1498"},"modified":"2021-03-03T09:18:09","modified_gmt":"2021-03-03T09:18:09","slug":"jazavac","status":"publish","type":"page","link":"https:\/\/alfatrail.net\/?page_id=1498","title":{"rendered":"Jazavac"},"content":{"rendered":"<p>[vc_row full_width=&#8221;stretch_row&#8221; hide_bg_image_on_tablet=&#8221;&#8221; hide_bg_image_on_mobile=&#8221;&#8221; css=&#8221;.vc_custom_1614612478507{background-color: #fcedd4 !important;}&#8221;][vc_column][vc_empty_space hide_on_desktop=&#8221;&#8221; hide_on_notebook=&#8221;&#8221; hide_on_tablet=&#8221;&#8221; hide_on_mobile=&#8221;&#8221;][vc_column_text css_animation=&#8221;bounceIn&#8221;]<\/p>\n<h3 class=\"trx_addons_no_margin\" style=\"text-align: center;\">ZMIJANJSKI ULTRAMARATON<\/h3>\n<h5 class=\"trx_addons_no_margin\" style=\"text-align: center;\">\u201eJazavac\u201c &#8211; 5km &#8211; 04.09. ili 18.09.2021. godine<\/h5>\n<p>[\/vc_column_text][vc_empty_space hide_on_desktop=&#8221;&#8221; hide_on_notebook=&#8221;&#8221; hide_on_tablet=&#8221;&#8221; hide_on_mobile=&#8221;&#8221;][vc_empty_space hide_on_desktop=&#8221;&#8221; hide_on_notebook=&#8221;&#8221; hide_on_tablet=&#8221;&#8221; hide_on_mobile=&#8221;&#8221;][\/vc_column][\/vc_row][vc_row full_width=&#8221;stretch_row&#8221; hide_bg_image_on_tablet=&#8221;&#8221; hide_bg_image_on_mobile=&#8221;&#8221; css=&#8221;.vc_custom_1614612490551{background-color: #fcedd4 !important;}&#8221;][vc_column][vc_column_text css_animation=&#8221;fadeInLeft&#8221;]<\/p>\n<h3 class=\"gmail-o9v6fnle_mr_css_attr_mr_css_attr gmail-cxmmr5t8_mr_css_attr_mr_css_attr gmail-oygrvhab_mr_css_attr_mr_css_attr gmail-hcukyx3x_mr_css_attr_mr_css_attr gmail-c1et5uql_mr_css_attr_mr_css_attr\">\u201eJazavac\u201c &#8211; 5km<\/h3>\n<div class=\"gmail-o9v6fnle_mr_css_attr_mr_css_attr gmail-cxmmr5t8_mr_css_attr_mr_css_attr gmail-oygrvhab_mr_css_attr_mr_css_attr gmail-hcukyx3x_mr_css_attr_mr_css_attr gmail-c1et5uql_mr_css_attr_mr_css_attr\">Trka na ve\u0107inski \u0161umskoj stazi, preporu\u010dljiva za sve trka\u010de.<\/div>\n<p>[\/vc_column_text][\/vc_column][\/vc_row][vc_row full_width=&#8221;stretch_row&#8221; hide_bg_image_on_tablet=&#8221;&#8221; hide_bg_image_on_mobile=&#8221;&#8221; css=&#8221;.vc_custom_1614612501523{background-color: #fcedd4 !important;}&#8221;][vc_column][vc_column_text css_animation=&#8221;fadeInRight&#8221;]<\/p>\n<h3>Opis:<\/h3>\n<ul>\n<li>du\u017eina staze: 5 km<\/li>\n<li>okupljanje: Kamp Velika Greda, Manja\u010da<\/li>\n<li>cilj: Kamp Velika Greda, Manja\u010da<\/li>\n<\/ul>\n<p>[\/vc_column_text][vc_empty_space hide_on_desktop=&#8221;&#8221; hide_on_notebook=&#8221;&#8221; hide_on_tablet=&#8221;&#8221; hide_on_mobile=&#8221;&#8221;][vc_empty_space hide_on_desktop=&#8221;&#8221; hide_on_notebook=&#8221;&#8221; hide_on_tablet=&#8221;&#8221; hide_on_mobile=&#8221;&#8221;][\/vc_column][\/vc_row][vc_row full_width=&#8221;stretch_row&#8221; hide_bg_image_on_tablet=&#8221;&#8221; hide_bg_image_on_mobile=&#8221;&#8221; css=&#8221;.vc_custom_1614612536318{background-color: #fcf4e8 !important;}&#8221;][vc_column][vc_empty_space hide_on_desktop=&#8221;&#8221; hide_on_notebook=&#8221;&#8221; hide_on_tablet=&#8221;&#8221; hide_on_mobile=&#8221;&#8221;][vc_column_text css_animation=&#8221;fadeInLeft&#8221;]<\/p>\n<h3 class=\"trx_addons_no_margin\" style=\"text-align: center;\">GPX Track:<\/h3>\n<h4 class=\"trx_addons_no_margin\" style=\"text-align: center;\">Nova staza<\/h4>\n<p>[\/vc_column_text][\/vc_column][\/vc_row][vc_row full_width=&#8221;stretch_row&#8221; hide_bg_image_on_tablet=&#8221;&#8221; hide_bg_image_on_mobile=&#8221;&#8221; css=&#8221;.vc_custom_1614612561176{background-color: #fcf4e8 !important;}&#8221;][vc_column][vc_empty_space hide_on_desktop=&#8221;&#8221; hide_on_notebook=&#8221;&#8221; hide_on_tablet=&#8221;&#8221; hide_on_mobile=&#8221;&#8221;][vc_column_text css_animation=&#8221;fadeInLeft&#8221;]<\/p>\n<h3 class=\"trx_addons_no_margin\" style=\"text-align: center;\">Prijava na trku:<\/h3>\n<h4 class=\"trx_addons_no_margin\" style=\"text-align: center;\">15.juna 2021<\/h4>\n<p>[\/vc_column_text][vc_empty_space hide_on_desktop=&#8221;&#8221; hide_on_notebook=&#8221;&#8221; hide_on_tablet=&#8221;&#8221; hide_on_mobile=&#8221;&#8221;][\/vc_column][\/vc_row][vc_row full_width=&#8221;stretch_row&#8221; hide_bg_image_on_tablet=&#8221;&#8221; hide_bg_image_on_mobile=&#8221;&#8221; css=&#8221;.vc_custom_1614612571728{background-color: #fcf4e8 !important;}&#8221;][vc_column][vc_btn title=&#8221;P R I J A V A&#8221; shape=&#8221;round&#8221; color=&#8221;mulled-wine&#8221; size=&#8221;lg&#8221; align=&#8221;center&#8221; css_animation=&#8221;flipInX&#8221; button_block=&#8221;true&#8221;][vc_empty_space hide_on_desktop=&#8221;&#8221; hide_on_notebook=&#8221;&#8221; hide_on_tablet=&#8221;&#8221; hide_on_mobile=&#8221;&#8221;][\/vc_column][\/vc_row][vc_row][vc_column][\/vc_column][\/vc_row]<\/p>\n","protected":false},"excerpt":{"rendered":"<p>[vc_row full_width=&#8221;stretch_row&#8221; hide_bg_image_on_tablet=&#8221;&#8221; hide_bg_image_on_mobile=&#8221;&#8221; css=&#8221;.vc_custom_1614612478507{background-color: #fcedd4 !important;}&#8221;][vc_column][vc_empty_space hide_on_desktop=&#8221;&#8221; hide_on_notebook=&#8221;&#8221; hide_on_tablet=&#8221;&#8221; hide_on_mobile=&#8221;&#8221;][vc_column_text css_animation=&#8221;bounceIn&#8221;] ZMIJANJSKI ULTRAMARATON \u201eJazavac\u201c &#8211; 5km &#8211; 04.09. ili 18.09.2021. godine [\/vc_column_text][vc_empty_space hide_on_desktop=&#8221;&#8221; hide_on_notebook=&#8221;&#8221; hide_on_tablet=&#8221;&#8221; hide_on_mobile=&#8221;&#8221;][vc_empty_space hide_on_desktop=&#8221;&#8221; hide_on_notebook=&#8221;&#8221; hide_on_tablet=&#8221;&#8221; hide_on_mobile=&#8221;&#8221;][\/vc_column][\/vc_row][vc_row full_width=&#8221;stretch_row&#8221; hide_bg_image_on_tablet=&#8221;&#8221; hide_bg_image_on_mobile=&#8221;&#8221; css=&#8221;.vc_custom_1614612490551{background-color: #fcedd4 !important;}&#8221;][vc_column][vc_column_text css_animation=&#8221;fadeInLeft&#8221;] \u201eJazavac\u201c &#8211; 5km Trka na ve\u0107inski \u0161umskoj&hellip;<\/p>\n","protected":false},"author":1,"featured_media":0,"parent":0,"menu_order":0,"comment_status":"closed","ping_status":"closed","template":"","meta":{"footnotes":""},"class_list":["post-1498","page","type-page","status-publish","hentry"],"_links":{"self":[{"href":"https:\/\/alfatrail.net\/index.php?rest_route=\/wp\/v2\/pages\/1498","targetHints":{"allow":["GET"]}}],"collection":[{"href":"https:\/\/alfatrail.net\/index.php?rest_route=\/wp\/v2\/pages"}],"about":[{"href":"https:\/\/alfatrail.net\/index.php?rest_route=\/wp\/v2\/types\/page"}],"author":[{"embeddable":true,"href":"https:\/\/alfatrail.net\/index.php?rest_route=\/wp\/v2\/users\/1"}],"replies":[{"embeddable":true,"href":"https:\/\/alfatrail.net\/index.php?rest_route=%2Fwp%2Fv2%2Fcomments&post=1498"}],"version-history":[{"count":10,"href":"https:\/\/alfatrail.net\/index.php?rest_route=\/wp\/v2\/pages\/1498\/revisions"}],"predecessor-version":[{"id":1652,"href":"https:\/\/alfatrail.net\/index.php?rest_route=\/wp\/v2\/pages\/1498\/revisions\/1652"}],"wp:attachment":[{"href":"https:\/\/alfatrail.net\/index.php?rest_route=%2Fwp%2Fv2%2Fmedia&parent=1498"}],"curies":[{"name":"wp","href":"https:\/\/api.w.org\/{rel}","templated":true}]}}