{"id":1307,"date":"2021-02-20T17:46:59","date_gmt":"2021-02-20T17:46:59","guid":{"rendered":"http:\/\/alfatrail.net\/?page_id=1307"},"modified":"2024-05-03T14:17:48","modified_gmt":"2024-05-03T14:17:48","slug":"pravilnik-4","status":"publish","type":"page","link":"https:\/\/alfatrail.net\/?page_id=1307","title":{"rendered":"PRAVILNIK"},"content":{"rendered":"<p>[vc_row full_width=&#8221;stretch_row&#8221; hide_bg_image_on_tablet=&#8221;&#8221; hide_bg_image_on_mobile=&#8221;&#8221; css=&#8221;.vc_custom_1614671955770{background-color: #fcf4e8 !important;}&#8221;][vc_column width=&#8221;1\/12&#8221;][\/vc_column][vc_column width=&#8221;5\/12&#8221;][vc_empty_space hide_on_desktop=&#8221;&#8221; hide_on_notebook=&#8221;&#8221; hide_on_tablet=&#8221;&#8221; hide_on_mobile=&#8221;&#8221;][vc_column_text css_animation=&#8221;fadeInRight&#8221;]<\/p>\n<blockquote>\n<div style=\"text-align: center;\"><strong><span style=\"color: #000000;\">Atletski klub \u201dalfa\u201d organizuje peto takmi\u010denje<\/span><\/strong><\/div>\n<div><\/div>\n<div style=\"text-align: center;\">\n<p><strong><span style=\"color: #000000;\">5. Spring Trail 2024.<\/span><\/strong><\/p>\n<\/div>\n<div style=\"text-align: center;\"><strong><span style=\"color: #000000;\">koje \u0107e se odr\u017eati 19.05.2024. godine.<\/span><\/strong><\/div>\n<\/blockquote>\n<div style=\"text-align: center;\"><\/div>\n<p>[\/vc_column_text][vc_empty_space hide_on_desktop=&#8221;&#8221; hide_on_notebook=&#8221;&#8221; hide_on_tablet=&#8221;&#8221; hide_on_mobile=&#8221;&#8221;][\/vc_column][vc_column width=&#8221;5\/12&#8221;][vc_empty_space hide_on_desktop=&#8221;&#8221; hide_on_notebook=&#8221;&#8221; hide_on_tablet=&#8221;&#8221; hide_on_mobile=&#8221;&#8221;][vc_column_text css_animation=&#8221;fadeInLeft&#8221;]<\/p>\n<blockquote>\n<div><\/div>\n<div style=\"text-align: center;\"><strong><span style=\"color: #000000;\">ORGANIZATOR<\/span><\/strong><\/div>\n<div style=\"text-align: center;\"><strong><span style=\"color: #000000;\">ATLETSKI KLUB \u201dALFA\u201d<\/span><\/strong><\/div>\n<div style=\"text-align: center;\"><\/div>\n<div><\/div>\n<div><\/div>\n<div style=\"text-align: center;\"><strong><span style=\"color: #000000;\">PODRU\u010cJE<\/span><\/strong><\/div>\n<div style=\"text-align: center;\"><strong><span style=\"color: #000000;\">Park prirode Suturlija<\/span><\/strong><\/div>\n<\/blockquote>\n<p>[\/vc_column_text][vc_empty_space hide_on_desktop=&#8221;&#8221; hide_on_notebook=&#8221;&#8221; hide_on_tablet=&#8221;&#8221; hide_on_mobile=&#8221;&#8221;][\/vc_column][vc_column width=&#8221;1\/12&#8221;][\/vc_column][\/vc_row][vc_row full_width=&#8221;stretch_row&#8221; hide_bg_image_on_tablet=&#8221;&#8221; hide_bg_image_on_mobile=&#8221;&#8221; css=&#8221;.vc_custom_1614671973821{background-color: #fcf4e8 !important;}&#8221;][vc_column width=&#8221;1\/12&#8221;][\/vc_column][vc_column width=&#8221;10\/12&#8221;][vc_empty_space hide_on_desktop=&#8221;&#8221; hide_on_notebook=&#8221;&#8221; hide_on_tablet=&#8221;&#8221; hide_on_mobile=&#8221;&#8221;][vc_column_text css_animation=&#8221;fadeInLeft&#8221;]<\/p>\n<h6>STAZA<\/h6>\n<p>Suturlijske staze nisu izazovne, \u010dine\u0107i ih prikladnim odabirom za one koji tek zapo\u010dinju svoje trka\u010dko putovanje ili \u017eele opu\u0161teno u\u017eivati u aktivnostima na otvorenom. Nakon zimske pauze, ove staze pru\u017eaju ne samo fizi\u010dki izazov, ve\u0107 i priliku za povezivanje s prirodom. O\u010dekujte nezaboravno iskustvo, gdje ritam tr\u010danja susre ljepotu Suturlije, pru\u017eaju\u0107i svima priliku da u\u017eivaju u jedinstvenoj atmosferi ove trke.<\/p>\n<h6>STARTNINA: 20 KM \/ 10 \u20ac \/ 1200 RSD<\/h6>\n<p>Prijava je valjana tek uplatom startnine.<br \/>\nPla\u0107anje startnine: Startnina se upla\u0107uje na bankovni ra\u010dun organizatora.<\/p>\n<h6>KRAJNjI DATUM ZA PRIJAVE<\/h6>\n<p>Kraj uplata za medalju: Nedjelja, 19.05.2024., 09:30h<br \/>\nNakon ovog datuma mogu\u0107e su online prijave, ali ne garantujemo da \u0107ete dobiti fini\u0161ersku medalju.<br \/>\nNapomena: Sama pred-registracija ne zna\u010di puno jer je prijava potpuna tek nakon uplate startnine.<\/p>\n<p>&nbsp;[\/vc_column_text][vc_empty_space hide_on_desktop=&#8221;&#8221; hide_on_notebook=&#8221;&#8221; hide_on_tablet=&#8221;&#8221; hide_on_mobile=&#8221;&#8221;][vc_empty_space hide_on_desktop=&#8221;&#8221; hide_on_notebook=&#8221;&#8221; hide_on_tablet=&#8221;&#8221; hide_on_mobile=&#8221;&#8221;][\/vc_column][vc_column width=&#8221;1\/12&#8221;][\/vc_column][\/vc_row][vc_row hide_bg_image_on_tablet=&#8221;&#8221; hide_bg_image_on_mobile=&#8221;&#8221; css=&#8221;.vc_custom_1614682768475{background-color: #fcc044 !important;}&#8221;][vc_column width=&#8221;4\/12&#8221;][vc_empty_space hide_on_desktop=&#8221;&#8221; hide_on_notebook=&#8221;&#8221; hide_on_tablet=&#8221;&#8221; hide_on_mobile=&#8221;&#8221;][vc_empty_space hide_on_desktop=&#8221;&#8221; hide_on_notebook=&#8221;&#8221; hide_on_tablet=&#8221;&#8221; hide_on_mobile=&#8221;&#8221;][vc_column_text css_animation=&#8221;flipInX&#8221;]<\/p>\n<h6 class=\"trx_addons_no_margin\" style=\"text-align: center;\">Za uplate iz BiH<\/h6>\n<p style=\"text-align: center;\">\u017dirora\u010dun: 5672412700031432, ATOS a.d. Banja Luka<br \/>\nPrimalac: Atletski klub \u201dAlfa&#8221;, Bulevar vojvode \u017divojina Mi\u0161i\u0107a 47, 78 000 Banja Luka<br \/>\nSvrha uplate: Kotizacija za trku \u201enaziv trke\u201c \u2013 ime i prezime<br \/>\nDodatne informacije za uplatu e \u2013 mail:\u00a0<a href=\"https:\/\/e.mail.ru\/compose\/?mailto=mailto%3apozdravproljecu@gmail.com\" target=\"_blank\" rel=\"noopener noreferrer\">pozdravproljecu@gmail.com<\/a><\/p>\n<p>[\/vc_column_text][vc_empty_space hide_on_desktop=&#8221;&#8221; hide_on_notebook=&#8221;&#8221; hide_on_tablet=&#8221;&#8221; hide_on_mobile=&#8221;&#8221;][vc_empty_space hide_on_desktop=&#8221;&#8221; hide_on_notebook=&#8221;&#8221; hide_on_tablet=&#8221;&#8221; hide_on_mobile=&#8221;&#8221;][vc_empty_space hide_on_desktop=&#8221;&#8221; hide_on_notebook=&#8221;&#8221; hide_on_tablet=&#8221;&#8221; hide_on_mobile=&#8221;&#8221;][\/vc_column][vc_column width=&#8221;4\/12&#8221;][vc_empty_space hide_on_desktop=&#8221;&#8221; hide_on_notebook=&#8221;&#8221; hide_on_tablet=&#8221;&#8221; hide_on_mobile=&#8221;&#8221;][vc_empty_space hide_on_desktop=&#8221;&#8221; hide_on_notebook=&#8221;&#8221; hide_on_tablet=&#8221;&#8221; hide_on_mobile=&#8221;&#8221;][vc_column_text css_animation=&#8221;flipInX&#8221;]<\/p>\n<h6 class=\"trx_addons_no_margin\" style=\"text-align: center;\">Za uplate iz Srbije<\/h6>\n<p style=\"text-align: center;\">\u017dirora\u010dun: 105000040700694659, AIK banke<br \/>\nPrimalac: Boban Luki\u0107<br \/>\nSvrha uplate: Kotizacija za trku \u201enaziv trke\u201c \u2013 ime i prezime<br \/>\nDodatne informacije za uplatu e \u2013 mail:\u00a0<a href=\"https:\/\/e.mail.ru\/compose\/?mailto=mailto%3alukic.boban84@gmail.com\" target=\"_blank\" rel=\"noopener noreferrer\">lukic.boban84@gmail.com<\/a>[\/vc_column_text][vc_empty_space hide_on_desktop=&#8221;&#8221; hide_on_notebook=&#8221;&#8221; hide_on_tablet=&#8221;&#8221; hide_on_mobile=&#8221;&#8221;][\/vc_column][vc_column width=&#8221;4\/12&#8221;][vc_empty_space hide_on_desktop=&#8221;&#8221; hide_on_notebook=&#8221;&#8221; hide_on_tablet=&#8221;&#8221; hide_on_mobile=&#8221;&#8221;][vc_empty_space hide_on_desktop=&#8221;&#8221; hide_on_notebook=&#8221;&#8221; hide_on_tablet=&#8221;&#8221; hide_on_mobile=&#8221;&#8221;][vc_column_text css_animation=&#8221;flipInX&#8221;]<\/p>\n<h6 class=\"trx_addons_no_margin\" style=\"text-align: center;\">Za uplate iz inostranstva<\/h6>\n<p style=\"text-align: center;\">IBAN: BA395672410000752292<br \/>\nPrimalac: \u201dKozara Ultra Trail\u201d, Bulevar vojvode \u017divojina Mi\u0161i\u0107a 47, 78 000 Banja Luka<br \/>\nSvrha uplate: Kotizacija za trku \u201enaziv trke\u201c \u2013 ime i prezime<br \/>\nS.W.I.F.T code: SABRBA2B<br \/>\nDodatne informacije za uplatu e \u2013 mail:\u00a0<a href=\"https:\/\/e.mail.ru\/compose\/?mailto=mailto%3apozdravproljecu@gmail.com\" target=\"_blank\" rel=\"noopener noreferrer\">pozdravproljecu@gmail.com<\/a>[\/vc_column_text][vc_empty_space hide_on_desktop=&#8221;&#8221; hide_on_notebook=&#8221;&#8221; hide_on_tablet=&#8221;&#8221; hide_on_mobile=&#8221;&#8221;][\/vc_column][\/vc_row][vc_row full_width=&#8221;stretch_row&#8221; hide_bg_image_on_tablet=&#8221;&#8221; hide_bg_image_on_mobile=&#8221;&#8221; css=&#8221;.vc_custom_1614672047173{background-color: #fcf4e8 !important;}&#8221;][vc_column width=&#8221;1\/12&#8221;][\/vc_column][vc_column width=&#8221;5\/12&#8221;][vc_empty_space hide_on_desktop=&#8221;&#8221; hide_on_notebook=&#8221;&#8221; hide_on_tablet=&#8221;&#8221; hide_on_mobile=&#8221;&#8221;][vc_column_text css_animation=&#8221;fadeInRightBig&#8221;]<\/p>\n<h6>STARTNINA UKLJU\u010cUJE<\/h6>\n<ul>\n<li>upute i startni broj<\/li>\n<li>okrepu tokom trke<\/li>\n<li>party<\/li>\n<li>zakuska<\/li>\n<li>osiguranje GSS-a<\/li>\n<li>fini\u0161erska medalja<\/li>\n<\/ul>\n<p>[\/vc_column_text][vc_empty_space hide_on_desktop=&#8221;&#8221; hide_on_notebook=&#8221;&#8221; hide_on_tablet=&#8221;&#8221; hide_on_mobile=&#8221;&#8221;][\/vc_column][vc_column width=&#8221;5\/12&#8221;][vc_empty_space hide_on_desktop=&#8221;&#8221; hide_on_notebook=&#8221;&#8221; hide_on_tablet=&#8221;&#8221; hide_on_mobile=&#8221;&#8221;][vc_column_text css_animation=&#8221;fadeInLeftBig&#8221;]<\/p>\n<h6>OBAVEZNA OPREMA<\/h6>\n<ul>\n<li>mobilni telefon sa napunjenom baterijom i aktivnim brojem navedenim u prijavi<\/li>\n<li>komplet prve pomo\u0107i + astrofolija<\/li>\n<li>zvi\u017edaljka<\/li>\n<li>Camel Back ili boca sa najmanje 1 litar te\u010dnosti<\/li>\n<li>\u010da\u0161a ili posuda za vodu<\/li>\n<li>posuda i pribor za ru\u010dak poslije trke<\/li>\n<li>startni broj i instrukcije za trku (osigurava organizator)<\/li>\n<li>presvlaku poslije trke<\/li>\n<\/ul>\n<p>[\/vc_column_text][vc_empty_space hide_on_desktop=&#8221;&#8221; hide_on_notebook=&#8221;&#8221; hide_on_tablet=&#8221;&#8221; hide_on_mobile=&#8221;&#8221;][vc_empty_space hide_on_desktop=&#8221;&#8221; hide_on_notebook=&#8221;&#8221; hide_on_tablet=&#8221;&#8221; hide_on_mobile=&#8221;&#8221;][\/vc_column][vc_column width=&#8221;1\/12&#8221;][\/vc_column][\/vc_row][vc_row full_width=&#8221;stretch_row&#8221; hide_bg_image_on_tablet=&#8221;&#8221; hide_bg_image_on_mobile=&#8221;&#8221; css=&#8221;.vc_custom_1614672106366{background-color: #fcf4e8 !important;}&#8221;][vc_column width=&#8221;1\/12&#8221;][\/vc_column][vc_column width=&#8221;10\/12&#8221;][vc_column_text css_animation=&#8221;bounceIn&#8221;]<\/p>\n<p style=\"text-align: center;\"><strong>Napomena:<\/strong> U\u010desnici \u0107e morati samostalno obezbjediti sopstvene trka\u010dke \u010da\u0161e\/fla\u0161e.<br \/>\nU svrhu dizanja svijesti o za\u0161titi \u017eivotne sredine odlu\u010dili smo svoj doprinos iskazati kroz plastic-free kampanju, te \u0107e u\u010desnici morati samostalno obezbjediti sopstvene trka\u010dke \u010da\u0161e\/fla\u0161e.<\/p>\n<p style=\"text-align: center;\">No\u0161enje li\u010dne \u010da\u0161e je <strong>OBAVEZNO!<\/strong><br \/>\nO ostatku \u0107e se pobrinuti organizacija.[\/vc_column_text][\/vc_column][vc_column width=&#8221;1\/12&#8221;][\/vc_column][\/vc_row][vc_row full_width=&#8221;stretch_row&#8221; hide_bg_image_on_tablet=&#8221;&#8221; hide_bg_image_on_mobile=&#8221;&#8221; css=&#8221;.vc_custom_1614672236595{background-color: #fcf4e8 !important;}&#8221;][vc_column width=&#8221;1\/12&#8221;][\/vc_column][vc_column width=&#8221;10\/12&#8221;][vc_empty_space hide_on_desktop=&#8221;&#8221; hide_on_notebook=&#8221;&#8221; hide_on_tablet=&#8221;&#8221; hide_on_mobile=&#8221;&#8221;][vc_column_text css_animation=&#8221;fadeInLeft&#8221;]<\/p>\n<h6><b>STARTNINA UKLJU\u010cUJE<\/b><\/h6>\n<div>\n<p>&#8211; upute i startni broj<br \/>\n&#8211; osvje\u017eenje<br \/>\n&#8211; okrepne stanice<br \/>\n&#8211; fini\u0161ersku medalju za one koji zavr\u0161e utrku u zadanim vremenskim ograni\u010denjima<\/p>\n<ul>\n<li><b>Trka \u0107e nositi bodovanje u okviru ALFA trail lige za 2024.<\/b><\/li>\n<li><b>Sistem bodovanja bi\u0107e naknadno objavljen.\n<p><\/b><\/li>\n<\/ul>\n<\/div>\n<p><b>OBAVEZNA OPREMA<br \/>\n<\/b><b><\/b><br \/>\n&#8211; Mobilni telefon sa napunjenom baterijom i aktivnim brojem. Telefon treba biti upaljen tokom cijele trke<br \/>\n&#8211; Startni broj<br \/>\n&#8211; \u010ca\u0161a-fla\u0161ica<\/p>\n<p><b>Napomena:<\/b>\u00a0U\u010desnici \u0107e morati samostalno obezbjediti sopstvene trka\u010dke \u010da\u0161e\/fla\u0161e.<\/p>\n<ul>\n<li><b>U svrhu dizanja svijesti o za\u0161titi \u017eivotne sredine odlu\u010dili smo svoj doprinos iskazati kroz plastic-free kampanju, te \u0107e u\u010desnici morati samostalno obezbjediti sopstvene trka\u010dke \u010da\u0161e\/fla\u0161e.\u00a0<\/b><\/li>\n<li><b>No\u0161enje li\u010dne \u010da\u0161e je OBAVEZNO!<\/b><\/li>\n<li><b>O ostatku \u0107e se pobrinuti organizacija.<br \/>\n<\/b><\/li>\n<\/ul>\n<h6><b>PREPORU\u010cENA OPREMA<\/b><\/h6>\n<p>&#8211; GPS sa uba\u010denom rutom trke<br \/>\n&#8211;\u00a0 \u010ca\u0161a-fla\u0161ica<br \/>\n&#8211;\u00a0 \u0160tapovi<\/p>\n<h6 class=\"trx_addons_no_margin\">DOZVOLJENA OPREMA<\/h6>\n<ul>\n<li>\u0161tapovi za hodanje<\/li>\n<li>slu\u0161alice<\/li>\n<li>GPS sat<\/li>\n<\/ul>\n<h6 class=\"trx_addons_no_margin\">PREUZIMANJE STARTNIH BROJEVA<\/h6>\n<p>O ta\u010dnoj lokaciji Info centara i terminima za preuzimanje startnih brojeva i paketa, organizator \u0107e blagovremeno obavijestiti u\u010desnike putem objava na web stranici, dru\u0161tvenim mre\u017eama i e-mail-a.[\/vc_column_text][\/vc_column][vc_column width=&#8221;1\/12&#8221;][\/vc_column][\/vc_row][vc_row full_width=&#8221;stretch_row&#8221; hide_bg_image_on_tablet=&#8221;&#8221; hide_bg_image_on_mobile=&#8221;&#8221; css=&#8221;.vc_custom_1614672276231{background-color: #fcf4e8 !important;}&#8221;][vc_column width=&#8221;1\/12&#8221;][\/vc_column][vc_column width=&#8221;10\/12&#8221;][vc_empty_space hide_on_desktop=&#8221;&#8221; hide_on_notebook=&#8221;&#8221; hide_on_tablet=&#8221;&#8221; hide_on_mobile=&#8221;&#8221;][vc_empty_space hide_on_desktop=&#8221;&#8221; hide_on_notebook=&#8221;&#8221; hide_on_tablet=&#8221;&#8221; hide_on_mobile=&#8221;&#8221;][vc_column_text css_animation=&#8221;fadeInLeft&#8221;]<\/p>\n<h6 class=\"trx_addons_no_margin\">DISKVALIFIKACIJA<\/h6>\n<p>Takmi\u010dar \u0107e biti diskvalifikovan ukoliko ne bude po\u0161tovao sljede\u0107a pravila organizatora:<\/p>\n<ul>\n<li>ne pro\u0111e kroz jednu od kontrolnih ta\u010daka<\/li>\n<li>koristi pre\u010dice<\/li>\n<li>baca sme\u0107e du\u017einom staze tokom trke<\/li>\n<li>nema opremu koju zahtijeva organizator<\/li>\n<li>ne zavr\u0161i trku u limitu<\/li>\n<\/ul>\n<p>[\/vc_column_text][\/vc_column][vc_column width=&#8221;1\/12&#8221;][\/vc_column][\/vc_row][vc_row full_width=&#8221;stretch_row&#8221; hide_bg_image_on_tablet=&#8221;&#8221; hide_bg_image_on_mobile=&#8221;&#8221; css=&#8221;.vc_custom_1614672304053{background-color: #fcf4e8 !important;}&#8221;][vc_column width=&#8221;1\/12&#8221;][\/vc_column][vc_column width=&#8221;10\/12&#8221;][vc_empty_space hide_on_desktop=&#8221;&#8221; hide_on_notebook=&#8221;&#8221; hide_on_tablet=&#8221;&#8221; hide_on_mobile=&#8221;&#8221;][vc_empty_space hide_on_desktop=&#8221;&#8221; hide_on_notebook=&#8221;&#8221; hide_on_tablet=&#8221;&#8221; hide_on_mobile=&#8221;&#8221;][vc_column_text css_animation=&#8221;fadeInLeft&#8221;]<\/p>\n<div>\n<h6 class=\"trx_addons_no_margin\">Upozorenje<\/h6>\n<\/div>\n<div><\/div>\n<div><b>Organizator u slu\u010daju lo\u0161ih vremenskih uslova koji bi mogli nepovoljno uticati na izvo\u0111enje ili sigurnost trke, promijeni datum odr\u017eavanja doga\u0111aja. To omogu\u0107ava organizatoru da prilagodi raspored manifestacije kako bi se osiguralo sigurno i izvodljivo okru\u017eenje, uzimaju\u0107i u obzir potencijalne probleme uzrokovane lo\u0161im vremenom.<\/b><\/div>\n<div>\n&#8211; Takmi\u010dar nastupa na vlastitu odgovornost, bez mogu\u0107nosti preno\u0161enja odgovornosti na organizatora.<br \/>\n&#8211; Takmi\u010dar prijavom potvr\u0111uje svoju zdravstvenu sposobnost za ovakvo takmi\u010denje.<br \/>\n&#8211; Takmi\u010dar daje suglasnost da organizator mo\u017ee koristiti filmski i fotografski materijal snimljen za vrijeme takmi\u010denja.<br \/>\n&#8211; Takmi\u010dar je du\u017ean imati svu obaveznu opremu.<br \/>\n&#8211; Organizator vra\u0107a 50% upla\u0107ene kotizacije deset dana prije odr\u017eavanja manifestacije, ukoliko trka\u010d odustane od u\u010de\u0161\u0107a.<\/div>\n<h6><\/h6>\n<p>&nbsp;[\/vc_column_text][vc_empty_space hide_on_desktop=&#8221;&#8221; hide_on_notebook=&#8221;&#8221; hide_on_tablet=&#8221;&#8221; hide_on_mobile=&#8221;&#8221;][vc_empty_space hide_on_desktop=&#8221;&#8221; hide_on_notebook=&#8221;&#8221; hide_on_tablet=&#8221;&#8221; hide_on_mobile=&#8221;&#8221;][\/vc_column][vc_column width=&#8221;1\/12&#8221;][\/vc_column][\/vc_row][vc_row][vc_column][\/vc_column][\/vc_row]<\/p>\n","protected":false},"excerpt":{"rendered":"<p>[vc_row full_width=&#8221;stretch_row&#8221; hide_bg_image_on_tablet=&#8221;&#8221; hide_bg_image_on_mobile=&#8221;&#8221; css=&#8221;.vc_custom_1614671955770{background-color: #fcf4e8 !important;}&#8221;][vc_column width=&#8221;1\/12&#8221;][\/vc_column][vc_column width=&#8221;5\/12&#8221;][vc_empty_space hide_on_desktop=&#8221;&#8221; hide_on_notebook=&#8221;&#8221; hide_on_tablet=&#8221;&#8221; hide_on_mobile=&#8221;&#8221;][vc_column_text css_animation=&#8221;fadeInRight&#8221;] Atletski klub \u201dalfa\u201d organizuje peto takmi\u010denje 5. Spring Trail 2024. koje \u0107e se odr\u017eati 19.05.2024. godine. [\/vc_column_text][vc_empty_space hide_on_desktop=&#8221;&#8221; hide_on_notebook=&#8221;&#8221; hide_on_tablet=&#8221;&#8221; hide_on_mobile=&#8221;&#8221;][\/vc_column][vc_column width=&#8221;5\/12&#8221;][vc_empty_space hide_on_desktop=&#8221;&#8221; hide_on_notebook=&#8221;&#8221; hide_on_tablet=&#8221;&#8221; hide_on_mobile=&#8221;&#8221;][vc_column_text css_animation=&#8221;fadeInLeft&#8221;] ORGANIZATOR ATLETSKI KLUB \u201dALFA\u201d&hellip;<\/p>\n","protected":false},"author":1,"featured_media":0,"parent":0,"menu_order":0,"comment_status":"closed","ping_status":"closed","template":"","meta":{"footnotes":""},"class_list":["post-1307","page","type-page","status-publish","hentry"],"_links":{"self":[{"href":"https:\/\/alfatrail.net\/index.php?rest_route=\/wp\/v2\/pages\/1307","targetHints":{"allow":["GET"]}}],"collection":[{"href":"https:\/\/alfatrail.net\/index.php?rest_route=\/wp\/v2\/pages"}],"about":[{"href":"https:\/\/alfatrail.net\/index.php?rest_route=\/wp\/v2\/types\/page"}],"author":[{"embeddable":true,"href":"https:\/\/alfatrail.net\/index.php?rest_route=\/wp\/v2\/users\/1"}],"replies":[{"embeddable":true,"href":"https:\/\/alfatrail.net\/index.php?rest_route=%2Fwp%2Fv2%2Fcomments&post=1307"}],"version-history":[{"count":44,"href":"https:\/\/alfatrail.net\/index.php?rest_route=\/wp\/v2\/pages\/1307\/revisions"}],"predecessor-version":[{"id":1923,"href":"https:\/\/alfatrail.net\/index.php?rest_route=\/wp\/v2\/pages\/1307\/revisions\/1923"}],"wp:attachment":[{"href":"https:\/\/alfatrail.net\/index.php?rest_route=%2Fwp%2Fv2%2Fmedia&parent=1307"}],"curies":[{"name":"wp","href":"https:\/\/api.w.org\/{rel}","templated":true}]}}