{"id":1301,"date":"2021-02-20T17:21:24","date_gmt":"2021-02-20T17:21:24","guid":{"rendered":"http:\/\/alfatrail.net\/?page_id=1301"},"modified":"2021-03-04T14:11:39","modified_gmt":"2021-03-04T14:11:39","slug":"manjaca","status":"publish","type":"page","link":"https:\/\/alfatrail.net\/?page_id=1301","title":{"rendered":"MANJA\u010cA"},"content":{"rendered":"<p>[vc_row full_width=&#8221;stretch_row&#8221; hide_bg_image_on_tablet=&#8221;&#8221; hide_bg_image_on_mobile=&#8221;&#8221; css=&#8221;.vc_custom_1614207849495{background-color: #fcf4e8 !important;}&#8221;][vc_column][vc_empty_space hide_on_desktop=&#8221;&#8221; hide_on_notebook=&#8221;&#8221; hide_on_tablet=&#8221;&#8221; hide_on_mobile=&#8221;&#8221;][vc_empty_space hide_on_desktop=&#8221;&#8221; hide_on_notebook=&#8221;&#8221; hide_on_tablet=&#8221;&#8221; hide_on_mobile=&#8221;&#8221;][vc_column_text css_animation=&#8221;bounceIn&#8221;]<\/p>\n<h3 style=\"text-align: center;\">Seosko doma\u0107instvo &#8220;Velika Greda&#8221;<\/h3>\n<p>[\/vc_column_text][vc_empty_space hide_on_desktop=&#8221;&#8221; hide_on_notebook=&#8221;&#8221; hide_on_tablet=&#8221;&#8221; hide_on_mobile=&#8221;&#8221;][vc_empty_space hide_on_desktop=&#8221;&#8221; hide_on_notebook=&#8221;&#8221; hide_on_tablet=&#8221;&#8221; hide_on_mobile=&#8221;&#8221;][\/vc_column][\/vc_row][vc_row full_width=&#8221;stretch_row&#8221; hide_bg_image_on_tablet=&#8221;&#8221; hide_bg_image_on_mobile=&#8221;&#8221; css=&#8221;.vc_custom_1614207861251{background-color: #fcf4e8 !important;}&#8221;][vc_column width=&#8221;1\/12&#8221;][\/vc_column][vc_column width=&#8221;10\/12&#8221;][vc_column_text css_animation=&#8221;fadeInLeft&#8221;]Produ\u017eite va\u0161 boravak na Manja\u010di na ure\u0111enim mjestima za kamp ili u na\u0161im objektima za smje\u0161taj.<\/p>\n<p>Porod postoje\u0107eg objekta gdje se mo\u017eete odmoriti i prespavati u izgradnji su i bungalovi, tako da \u0107e na\u0161i smje\u0161tajni kapaciteti biti jo\u0161 ve\u0107i. U na\u0161em kampu imamo i ure\u0111en prostor za kampovanje u \u0161atorima ili kamp-prikolicama.[\/vc_column_text][vc_empty_space hide_on_desktop=&#8221;&#8221; hide_on_notebook=&#8221;&#8221; hide_on_tablet=&#8221;&#8221; hide_on_mobile=&#8221;&#8221;][vc_empty_space hide_on_desktop=&#8221;&#8221; hide_on_notebook=&#8221;&#8221; hide_on_tablet=&#8221;&#8221; hide_on_mobile=&#8221;&#8221;][\/vc_column][vc_column width=&#8221;1\/12&#8221;][\/vc_column][\/vc_row][vc_row full_width=&#8221;stretch_row&#8221; hide_bg_image_on_tablet=&#8221;&#8221; hide_bg_image_on_mobile=&#8221;&#8221; css=&#8221;.vc_custom_1614207869597{background-color: #fcf4e8 !important;}&#8221;][vc_column width=&#8221;1\/12&#8221;][\/vc_column][vc_column width=&#8221;10\/12&#8221;][vc_column_text css_animation=&#8221;fadeInLeftBig&#8221;]<\/p>\n<h4>Kako do nas?<\/h4>\n<p>Na 1000 metara nadmorske visine, ispod najvi\u0161eg vrha Manja\u010de Velika Greda, i na samo 12 km od Stri\u010di\u0107a, smje\u0161tena je jedinstvena oaza za odmor i rekreaciju.<\/p>\n<p>Do nas mo\u017eete do\u0107i putem Banja Luka \u2013 \u010ca\u0111avica, nakon \u0161to se isklju\u010dite u mjestu Stri\u010di\u0107i, vozite se asfaltnim putem pored Planinarskog doma \u201cManja\u010da\u201d u Lokvarima i zatim produ\u017eite prema Lusi\u0107ima i Mar\u010detama. Zadnjih 3 km puta su makadamski, ali se put redovno odr\u017eava.[\/vc_column_text][\/vc_column][vc_column width=&#8221;1\/12&#8221;][\/vc_column][\/vc_row][vc_row full_width=&#8221;stretch_row&#8221; hide_bg_image_on_tablet=&#8221;&#8221; hide_bg_image_on_mobile=&#8221;&#8221; css=&#8221;.vc_custom_1614207876594{background-color: #fcf4e8 !important;}&#8221;][vc_column width=&#8221;1\/12&#8221;][\/vc_column][vc_column width=&#8221;10\/12&#8221;][vc_empty_space hide_on_desktop=&#8221;&#8221; hide_on_notebook=&#8221;&#8221; hide_on_tablet=&#8221;&#8221; hide_on_mobile=&#8221;&#8221;][vc_empty_space hide_on_desktop=&#8221;&#8221; hide_on_notebook=&#8221;&#8221; hide_on_tablet=&#8221;&#8221; hide_on_mobile=&#8221;&#8221;][vc_btn title=&#8221;R E Z E R V I \u0160 I&#8221; shape=&#8221;round&#8221; color=&#8221;juicy-pink&#8221; size=&#8221;lg&#8221; align=&#8221;center&#8221; css_animation=&#8221;flipInX&#8221; button_block=&#8221;true&#8221; link=&#8221;url:https%3A%2F%2Fvelikagreda.com%2F|||&#8221;][vc_empty_space hide_on_desktop=&#8221;&#8221; hide_on_notebook=&#8221;&#8221; hide_on_tablet=&#8221;&#8221; hide_on_mobile=&#8221;&#8221;][\/vc_column][vc_column width=&#8221;1\/12&#8221;][\/vc_column][\/vc_row][vc_row full_width=&#8221;stretch_row&#8221; hide_bg_image_on_tablet=&#8221;&#8221; hide_bg_image_on_mobile=&#8221;&#8221; css=&#8221;.vc_custom_1614866383547{background-image: url(http:\/\/alfatrail.net\/wp-content\/uploads\/2021\/03\/103805862_2972399322809254_xx6193523038804500688_o-01-scaled.jpg?id=1870) !important;background-position: center !important;background-repeat: no-repeat !important;background-size: cover !important;}&#8221;][vc_column width=&#8221;1\/12&#8221;][\/vc_column][vc_column width=&#8221;5\/12&#8221;][vc_empty_space hide_on_desktop=&#8221;&#8221; hide_on_notebook=&#8221;&#8221; hide_on_tablet=&#8221;&#8221; hide_on_mobile=&#8221;&#8221;][vc_empty_space hide_on_desktop=&#8221;&#8221; hide_on_notebook=&#8221;&#8221; hide_on_tablet=&#8221;&#8221; hide_on_mobile=&#8221;&#8221;][vc_empty_space hide_on_desktop=&#8221;&#8221; hide_on_notebook=&#8221;&#8221; hide_on_tablet=&#8221;&#8221; hide_on_mobile=&#8221;&#8221;][vc_empty_space hide_on_desktop=&#8221;&#8221; hide_on_notebook=&#8221;&#8221; hide_on_tablet=&#8221;&#8221; hide_on_mobile=&#8221;&#8221;]<div id=\"widget_slider_829664025\" class=\"widget_area sc_widget_slider vc_widget_slider wpb_content_element\"><aside id=\"widget_slider_829664025_widget\" class=\"widget widget_slider\">\t\t\t<div class=\"slider_wrap slider_engine_swiper\">\n\t\t\t\t<div id=\"widget_slider_829664025_outer\" class=\"slider_outer slider_swiper_outer slider_style_default slider_outer_direction_horizontal slider_outer_one slider_outer_nopagination slider_outer_controls slider_outer_controls_side slider_outer_titles_center\"><div id=\"widget_slider_829664025_swiper\" class=\"slider_container slider_swiper swiper-slider-container slider_controls slider_controls_side slider_titles_center slider_resize slider_height_auto slider_direction_horizontal slider_nopagination slider_one slider_type_bg\" data-ratio=\"16:9\" data-interval=\"70000\" data-effect=\"slide\" data-pagination=\"bullets\" data-direction=\"horizontal\" data-slides-per-view=\"1\" data-slides-space=\"0\"><div class=\"slider-wrapper swiper-wrapper\"><div  class=\"slider-slide swiper-slide\" data-image=\"https:\/\/alfatrail.net\/wp-content\/uploads\/2021\/03\/0-02-05-e1d22480f046d8a7ee1868585443d726912592cad935129a6de152da50c06e71_ae3eeb99-Small.jpg\" style=\"background-image:url(https:\/\/alfatrail.net\/wp-content\/uploads\/2021\/03\/0-02-05-e1d22480f046d8a7ee1868585443d726912592cad935129a6de152da50c06e71_ae3eeb99-Small.jpg);\"><\/div><div  class=\"slider-slide swiper-slide\" data-image=\"https:\/\/alfatrail.net\/wp-content\/uploads\/2021\/03\/0-02-05-6377e11c426cc843e6bc6c391a57bb410463309b2a57ae58c39ae8adbfdd3e82_8a5d0f92-Small.jpg\" style=\"background-image:url(https:\/\/alfatrail.net\/wp-content\/uploads\/2021\/03\/0-02-05-6377e11c426cc843e6bc6c391a57bb410463309b2a57ae58c39ae8adbfdd3e82_8a5d0f92-Small.jpg);\"><\/div><div  class=\"slider-slide swiper-slide\" data-image=\"https:\/\/alfatrail.net\/wp-content\/uploads\/2021\/03\/103684763_118965536504220_415749696248592942_n.jpg\" style=\"background-image:url(https:\/\/alfatrail.net\/wp-content\/uploads\/2021\/03\/103684763_118965536504220_415749696248592942_n.jpg);\"><\/div><div  class=\"slider-slide swiper-slide\" data-image=\"https:\/\/alfatrail.net\/wp-content\/uploads\/2021\/03\/0-02-05-7a7021e8588a001f56b5b77f9ccb400bc1b216af8f07d2bc55635a391feb3f5f_4ff3918-Small.jpg\" style=\"background-image:url(https:\/\/alfatrail.net\/wp-content\/uploads\/2021\/03\/0-02-05-7a7021e8588a001f56b5b77f9ccb400bc1b216af8f07d2bc55635a391feb3f5f_4ff3918-Small.jpg);\"><\/div><div  class=\"slider-slide swiper-slide\" data-image=\"https:\/\/alfatrail.net\/wp-content\/uploads\/2021\/02\/viber_image_2020-05-25_08-01-023-1aaa.jpg\" style=\"background-image:url(https:\/\/alfatrail.net\/wp-content\/uploads\/2021\/02\/viber_image_2020-05-25_08-01-023-1aaa.jpg);\"><\/div><\/div><!-- \/.slider-wrapper --><div class=\"slider_controls_wrap\"><a class=\"slider_prev swiper-button-prev\" href=\"#\"><\/a><a class=\"slider_next swiper-button-next\" href=\"#\"><\/a><\/div><\/div><!-- \/.slider_container --><\/div><!-- \/.slider_outer -->\t\t\t<\/div>\n\t\t\t<\/aside><\/div>[\/vc_column][vc_column width=&#8221;5\/12&#8221;][vc_column_text css_animation=&#8221;flipInX&#8221;].<\/p>\n<blockquote class=\"trx_addons_blockquote_style_1\">\n<p style=\"text-align: left;\">Kontaktirajte putem telefona:<\/p>\n<ul style=\"text-align: left;\">\n<li>+387 66 946 088<\/li>\n<li>+387 63 448 755<\/li>\n<\/ul>\n<p style=\"text-align: left;\">E-mail <a href=\"mailto:info@kampvelikagreda.com\">info@kampvelikagreda.com<\/a><\/p>\n<\/blockquote>\n<p>[\/vc_column_text][vc_empty_space hide_on_desktop=&#8221;&#8221; hide_on_notebook=&#8221;&#8221; hide_on_tablet=&#8221;&#8221; hide_on_mobile=&#8221;&#8221;][vc_empty_space hide_on_desktop=&#8221;&#8221; hide_on_notebook=&#8221;&#8221; hide_on_tablet=&#8221;&#8221; hide_on_mobile=&#8221;&#8221;][vc_empty_space hide_on_desktop=&#8221;&#8221; hide_on_notebook=&#8221;&#8221; hide_on_tablet=&#8221;&#8221; hide_on_mobile=&#8221;&#8221;][\/vc_column][vc_column width=&#8221;1\/12&#8221;][\/vc_column][\/vc_row][vc_row full_width=&#8221;stretch_row&#8221; hide_bg_image_on_tablet=&#8221;&#8221; hide_bg_image_on_mobile=&#8221;&#8221; css=&#8221;.vc_custom_1614209421063{background-color: #fcf4e8 !important;}&#8221;][vc_column][vc_empty_space hide_on_desktop=&#8221;&#8221; hide_on_notebook=&#8221;&#8221; hide_on_tablet=&#8221;&#8221; hide_on_mobile=&#8221;&#8221;][vc_empty_space hide_on_desktop=&#8221;&#8221; hide_on_notebook=&#8221;&#8221; hide_on_tablet=&#8221;&#8221; hide_on_mobile=&#8221;&#8221;][vc_column_text css_animation=&#8221;bounceIn&#8221;]<\/p>\n<h3 style=\"text-align: center;\">Planinarski dom \u201cManja\u010da\u201d<\/h3>\n<p>[\/vc_column_text][vc_empty_space hide_on_desktop=&#8221;&#8221; hide_on_notebook=&#8221;&#8221; hide_on_tablet=&#8221;&#8221; hide_on_mobile=&#8221;&#8221;][vc_empty_space hide_on_desktop=&#8221;&#8221; hide_on_notebook=&#8221;&#8221; hide_on_tablet=&#8221;&#8221; hide_on_mobile=&#8221;&#8221;][\/vc_column][\/vc_row][vc_row full_width=&#8221;stretch_row&#8221; hide_bg_image_on_tablet=&#8221;&#8221; hide_bg_image_on_mobile=&#8221;&#8221; css=&#8221;.vc_custom_1614209453556{background-color: #fcf4e8 !important;}&#8221;][vc_column width=&#8221;1\/12&#8221;][\/vc_column][vc_column width=&#8221;10\/12&#8221;][vc_column_text css_animation=&#8221;fadeInLeft&#8221;]Planinarski dom &#8220;Manja\u010da&#8221; nalazi se 35 kilometara od Banja Luke. Nalazi se u Lokvarima, nedaleko od samog vrha Manja\u010de na visini od 1200 metara. Stanje doma mo\u017ee primiti stotinu planinara, a posjeduje 30 le\u017eajeva za spavanje.[\/vc_column_text][\/vc_column][vc_column width=&#8221;1\/12&#8221;][\/vc_column][\/vc_row][vc_row full_width=&#8221;stretch_row&#8221; hide_bg_image_on_tablet=&#8221;&#8221; hide_bg_image_on_mobile=&#8221;&#8221; css=&#8221;.vc_custom_1614209447010{background-color: #fcf4e8 !important;}&#8221;][vc_column width=&#8221;1\/12&#8221;][\/vc_column][vc_column width=&#8221;10\/12&#8221;][vc_column_text css_animation=&#8221;fadeInRight&#8221;]Prilaz do doma:<\/p>\n<ul>\n<li>autom i<\/li>\n<li>autobusom<\/li>\n<\/ul>\n<p>Domom raspola\u017ee i upravlja Planinarsko dru\u0161tvo \u201eManja\u010da\u201c.<\/p>\n<p>Gosti Doma na raspolaganju imaju parking mjesto.[\/vc_column_text][vc_empty_space hide_on_desktop=&#8221;&#8221; hide_on_notebook=&#8221;&#8221; hide_on_tablet=&#8221;&#8221; hide_on_mobile=&#8221;&#8221;][vc_empty_space hide_on_desktop=&#8221;&#8221; hide_on_notebook=&#8221;&#8221; hide_on_tablet=&#8221;&#8221; hide_on_mobile=&#8221;&#8221;][\/vc_column][vc_column width=&#8221;1\/12&#8221;][\/vc_column][\/vc_row][vc_row full_width=&#8221;stretch_row&#8221; hide_bg_image_on_tablet=&#8221;&#8221; hide_bg_image_on_mobile=&#8221;&#8221; css=&#8221;.vc_custom_1614209467694{background-color: #fcf4e8 !important;}&#8221;][vc_column width=&#8221;1\/12&#8221;][\/vc_column][vc_column width=&#8221;10\/12&#8221;][vc_btn title=&#8221;R E Z E R VI \u0160 I&#8221; shape=&#8221;round&#8221; color=&#8221;juicy-pink&#8221; size=&#8221;lg&#8221; align=&#8221;center&#8221; css_animation=&#8221;flipInX&#8221; button_block=&#8221;true&#8221; link=&#8221;url:https%3A%2F%2Fwww.facebook.com%2FPlaninarsko-drustvo-Manjaca-Banja-Luka-191040928171075|||&#8221;][vc_empty_space hide_on_desktop=&#8221;&#8221; hide_on_notebook=&#8221;&#8221; hide_on_tablet=&#8221;&#8221; hide_on_mobile=&#8221;&#8221;][\/vc_column][vc_column width=&#8221;1\/12&#8221;][\/vc_column][\/vc_row][vc_row full_width=&#8221;stretch_row&#8221; hide_bg_image_on_tablet=&#8221;&#8221; hide_bg_image_on_mobile=&#8221;&#8221; css=&#8221;.vc_custom_1614867094688{background-image: url(http:\/\/alfatrail.net\/wp-content\/uploads\/2021\/03\/aaa971-01-scaled.jpg?id=1877) !important;background-position: center !important;background-repeat: no-repeat !important;background-size: cover !important;}&#8221;][vc_column width=&#8221;1\/12&#8221;][\/vc_column][vc_column width=&#8221;5\/12&#8221;][vc_empty_space hide_on_desktop=&#8221;&#8221; hide_on_notebook=&#8221;&#8221; hide_on_tablet=&#8221;&#8221; hide_on_mobile=&#8221;&#8221;][vc_empty_space hide_on_desktop=&#8221;&#8221; hide_on_notebook=&#8221;&#8221; hide_on_tablet=&#8221;&#8221; hide_on_mobile=&#8221;&#8221;][vc_empty_space hide_on_desktop=&#8221;&#8221; hide_on_notebook=&#8221;&#8221; hide_on_tablet=&#8221;&#8221; hide_on_mobile=&#8221;&#8221;][vc_empty_space hide_on_desktop=&#8221;&#8221; hide_on_notebook=&#8221;&#8221; hide_on_tablet=&#8221;&#8221; hide_on_mobile=&#8221;&#8221;]<div id=\"widget_slider_1120237660\" class=\"widget_area sc_widget_slider vc_widget_slider wpb_content_element\"><aside id=\"widget_slider_1120237660_widget\" class=\"widget widget_slider\">\t\t\t<div class=\"slider_wrap slider_engine_swiper\">\n\t\t\t\t<div id=\"widget_slider_1120237660_outer\" class=\"slider_outer slider_swiper_outer slider_style_default slider_outer_direction_horizontal slider_outer_one slider_outer_nopagination slider_outer_controls slider_outer_controls_side slider_outer_titles_center\"><div id=\"widget_slider_1120237660_swiper\" class=\"slider_container slider_swiper swiper-slider-container slider_controls slider_controls_side slider_titles_center slider_resize slider_height_auto slider_direction_horizontal slider_nopagination slider_one slider_type_bg\" data-ratio=\"16:9\" data-interval=\"70000\" data-effect=\"slide\" data-pagination=\"bullets\" data-direction=\"horizontal\" data-slides-per-view=\"1\" data-slides-space=\"0\"><div class=\"slider-wrapper swiper-wrapper\"><div  class=\"slider-slide swiper-slide\" data-image=\"https:\/\/alfatrail.net\/wp-content\/uploads\/2021\/03\/DSC_9275.jpg\" style=\"background-image:url(https:\/\/alfatrail.net\/wp-content\/uploads\/2021\/03\/DSC_9275.jpg);\"><\/div><div  class=\"slider-slide swiper-slide\" data-image=\"https:\/\/alfatrail.net\/wp-content\/uploads\/2021\/03\/DSC_9304.jpg\" style=\"background-image:url(https:\/\/alfatrail.net\/wp-content\/uploads\/2021\/03\/DSC_9304.jpg);\"><\/div><div  class=\"slider-slide swiper-slide\" data-image=\"https:\/\/alfatrail.net\/wp-content\/uploads\/2021\/03\/DSC_9142.jpg\" style=\"background-image:url(https:\/\/alfatrail.net\/wp-content\/uploads\/2021\/03\/DSC_9142.jpg);\"><\/div><div  class=\"slider-slide swiper-slide\" data-image=\"https:\/\/alfatrail.net\/wp-content\/uploads\/2021\/03\/DSC_9051.jpg\" style=\"background-image:url(https:\/\/alfatrail.net\/wp-content\/uploads\/2021\/03\/DSC_9051.jpg);\"><\/div><\/div><!-- \/.slider-wrapper --><div class=\"slider_controls_wrap\"><a class=\"slider_prev swiper-button-prev\" href=\"#\"><\/a><a class=\"slider_next swiper-button-next\" href=\"#\"><\/a><\/div><\/div><!-- \/.slider_container --><\/div><!-- \/.slider_outer -->\t\t\t<\/div>\n\t\t\t<\/aside><\/div>[\/vc_column][vc_column width=&#8221;5\/12&#8221;][vc_empty_space hide_on_desktop=&#8221;&#8221; hide_on_notebook=&#8221;&#8221; hide_on_tablet=&#8221;&#8221; hide_on_mobile=&#8221;&#8221;][vc_empty_space hide_on_desktop=&#8221;&#8221; hide_on_notebook=&#8221;&#8221; hide_on_tablet=&#8221;&#8221; hide_on_mobile=&#8221;&#8221;][vc_empty_space hide_on_desktop=&#8221;&#8221; hide_on_notebook=&#8221;&#8221; hide_on_tablet=&#8221;&#8221; hide_on_mobile=&#8221;&#8221;][vc_empty_space hide_on_desktop=&#8221;&#8221; hide_on_notebook=&#8221;&#8221; hide_on_tablet=&#8221;&#8221; hide_on_mobile=&#8221;&#8221;][vc_column_text css_animation=&#8221;flipInX&#8221;]<\/p>\n<blockquote class=\"trx_addons_blockquote_style_1\">\n<p>Kontaktirajte putem telefona:<\/p>\n<ul>\n<li>00387 65\/601-638<\/li>\n<\/ul>\n<p>E-mail: <a href=\"mailto:pdmanjaca@gmail.com\">pdmanjaca@gmail.com<\/a><\/p>\n<\/blockquote>\n<p>[\/vc_column_text][vc_empty_space hide_on_desktop=&#8221;&#8221; hide_on_notebook=&#8221;&#8221; hide_on_tablet=&#8221;&#8221; hide_on_mobile=&#8221;&#8221;][vc_empty_space hide_on_desktop=&#8221;&#8221; hide_on_notebook=&#8221;&#8221; hide_on_tablet=&#8221;&#8221; hide_on_mobile=&#8221;&#8221;][vc_empty_space hide_on_desktop=&#8221;&#8221; hide_on_notebook=&#8221;&#8221; hide_on_tablet=&#8221;&#8221; hide_on_mobile=&#8221;&#8221;][vc_empty_space hide_on_desktop=&#8221;&#8221; hide_on_notebook=&#8221;&#8221; hide_on_tablet=&#8221;&#8221; hide_on_mobile=&#8221;&#8221;][vc_empty_space hide_on_desktop=&#8221;&#8221; hide_on_notebook=&#8221;&#8221; hide_on_tablet=&#8221;&#8221; hide_on_mobile=&#8221;&#8221;][\/vc_column][vc_column width=&#8221;1\/12&#8221;][\/vc_column][\/vc_row]<\/p>\n","protected":false},"excerpt":{"rendered":"<p>[vc_row full_width=&#8221;stretch_row&#8221; hide_bg_image_on_tablet=&#8221;&#8221; hide_bg_image_on_mobile=&#8221;&#8221; css=&#8221;.vc_custom_1614207849495{background-color: #fcf4e8 !important;}&#8221;][vc_column][vc_empty_space hide_on_desktop=&#8221;&#8221; hide_on_notebook=&#8221;&#8221; hide_on_tablet=&#8221;&#8221; hide_on_mobile=&#8221;&#8221;][vc_empty_space hide_on_desktop=&#8221;&#8221; hide_on_notebook=&#8221;&#8221; hide_on_tablet=&#8221;&#8221; hide_on_mobile=&#8221;&#8221;][vc_column_text css_animation=&#8221;bounceIn&#8221;] Seosko doma\u0107instvo &#8220;Velika Greda&#8221; [\/vc_column_text][vc_empty_space hide_on_desktop=&#8221;&#8221; hide_on_notebook=&#8221;&#8221; hide_on_tablet=&#8221;&#8221; hide_on_mobile=&#8221;&#8221;][vc_empty_space hide_on_desktop=&#8221;&#8221; hide_on_notebook=&#8221;&#8221; hide_on_tablet=&#8221;&#8221; hide_on_mobile=&#8221;&#8221;][\/vc_column][\/vc_row][vc_row full_width=&#8221;stretch_row&#8221; hide_bg_image_on_tablet=&#8221;&#8221; hide_bg_image_on_mobile=&#8221;&#8221; css=&#8221;.vc_custom_1614207861251{background-color: #fcf4e8 !important;}&#8221;][vc_column width=&#8221;1\/12&#8221;][\/vc_column][vc_column width=&#8221;10\/12&#8221;][vc_column_text css_animation=&#8221;fadeInLeft&#8221;]Produ\u017eite va\u0161 boravak na Manja\u010di na ure\u0111enim mjestima&hellip;<\/p>\n","protected":false},"author":1,"featured_media":0,"parent":0,"menu_order":0,"comment_status":"closed","ping_status":"closed","template":"","meta":{"footnotes":""},"class_list":["post-1301","page","type-page","status-publish","hentry"],"_links":{"self":[{"href":"https:\/\/alfatrail.net\/index.php?rest_route=\/wp\/v2\/pages\/1301","targetHints":{"allow":["GET"]}}],"collection":[{"href":"https:\/\/alfatrail.net\/index.php?rest_route=\/wp\/v2\/pages"}],"about":[{"href":"https:\/\/alfatrail.net\/index.php?rest_route=\/wp\/v2\/types\/page"}],"author":[{"embeddable":true,"href":"https:\/\/alfatrail.net\/index.php?rest_route=\/wp\/v2\/users\/1"}],"replies":[{"embeddable":true,"href":"https:\/\/alfatrail.net\/index.php?rest_route=%2Fwp%2Fv2%2Fcomments&post=1301"}],"version-history":[{"count":56,"href":"https:\/\/alfatrail.net\/index.php?rest_route=\/wp\/v2\/pages\/1301\/revisions"}],"predecessor-version":[{"id":1884,"href":"https:\/\/alfatrail.net\/index.php?rest_route=\/wp\/v2\/pages\/1301\/revisions\/1884"}],"wp:attachment":[{"href":"https:\/\/alfatrail.net\/index.php?rest_route=%2Fwp%2Fv2%2Fmedia&parent=1301"}],"curies":[{"name":"wp","href":"https:\/\/api.w.org\/{rel}","templated":true}]}}