{"id":1001,"date":"2021-02-16T10:05:19","date_gmt":"2021-02-16T10:05:19","guid":{"rendered":"http:\/\/alfatrail.net\/?page_id=1001"},"modified":"2024-05-03T14:03:37","modified_gmt":"2024-05-03T14:03:37","slug":"spring-trail","status":"publish","type":"page","link":"https:\/\/alfatrail.net\/?page_id=1001","title":{"rendered":"Spring Trail"},"content":{"rendered":"<p>[vc_row full_width=&#8221;stretch_row&#8221; hide_bg_image_on_tablet=&#8221;&#8221; hide_bg_image_on_mobile=&#8221;&#8221; css=&#8221;.vc_custom_1613507235836{background-color: #fcf4e8 !important;}&#8221;][vc_column width=&#8221;1\/12&#8221;][\/vc_column][vc_column width=&#8221;10\/12&#8221;][vc_empty_space hide_on_desktop=&#8221;&#8221; hide_on_notebook=&#8221;&#8221; hide_on_tablet=&#8221;&#8221; hide_on_mobile=&#8221;&#8221;][vc_empty_space hide_on_desktop=&#8221;&#8221; hide_on_notebook=&#8221;&#8221; hide_on_tablet=&#8221;&#8221; hide_on_mobile=&#8221;&#8221;][vc_column_text css_animation=&#8221;bounceIn&#8221;]<\/p>\n<h3 style=\"text-align: center;\">SPRING TRAIL<\/h3>\n<p>[\/vc_column_text][vc_column_text css_animation=&#8221;fadeInLeft&#8221;]<\/p>\n<h6 style=\"text-align: center;\">Banja Luka 19.05.2024. godine<\/h6>\n<p>[\/vc_column_text][vc_empty_space hide_on_desktop=&#8221;&#8221; hide_on_notebook=&#8221;&#8221; hide_on_tablet=&#8221;&#8221; hide_on_mobile=&#8221;&#8221;][\/vc_column][vc_column width=&#8221;1\/12&#8221;][\/vc_column][\/vc_row][vc_row full_width=&#8221;stretch_row&#8221; hide_bg_image_on_tablet=&#8221;&#8221; hide_bg_image_on_mobile=&#8221;&#8221; css=&#8221;.vc_custom_1613507249098{background-color: #fcf4e8 !important;}&#8221;][vc_column width=&#8221;1\/12&#8221;][\/vc_column][vc_column width=&#8221;10\/12&#8221;][vc_column_text css_animation=&#8221;fadeInLeft&#8221;]Dobrodo\u0161li na otvaranje sezone trke kroz o\u010daravaju\u0107e prirodne ljepote rje\u010dice Suturlije, smje\u0161tene u blizini Banjaluke. Na\u0161e staze su posebno osmi\u0161ljene kako bi zadovoljile sve &#8211; od apsolutnih po\u010detnika do iskusnih sportista. Ove lagane staze pru\u017eaju savr\u0161enu priliku za u\u017eivanje u prirodi, idealne su za rekreativce, pje\u0161ake i \u010dak najmla\u0111e trka\u010de.<\/p>\n<p>Suturlijske staze nisu izazovne, \u010dine\u0107i ih prikladnim odabirom za one koji tek zapo\u010dinju svoje trka\u010dko putovanje ili \u017eele opu\u0161teno u\u017eivati u aktivnostima na otvorenom. Nakon zimske pauze, ove staze pru\u017eaju ne samo fizi\u010dki izazov, ve\u0107 i priliku za povezivanje s prirodom. O\u010dekujte nezaboravno iskustvo, gdje ritam tr\u010danja susre ljepotu Suturlije, pru\u017eaju\u0107i svima priliku da u\u017eivaju u jedinstvenoj atmosferi ove trke.[\/vc_column_text][\/vc_column][vc_column width=&#8221;1\/12&#8221;][\/vc_column][\/vc_row][vc_row full_width=&#8221;stretch_row&#8221; hide_bg_image_on_tablet=&#8221;&#8221; hide_bg_image_on_mobile=&#8221;&#8221; css=&#8221;.vc_custom_1613507277913{background-color: #fcf4e8 !important;}&#8221;][vc_column width=&#8221;1\/12&#8221;][\/vc_column][vc_column width=&#8221;10\/12&#8221;][vc_empty_space hide_on_desktop=&#8221;&#8221; hide_on_notebook=&#8221;&#8221; hide_on_tablet=&#8221;&#8221; hide_on_mobile=&#8221;&#8221;][vc_empty_space hide_on_desktop=&#8221;&#8221; hide_on_notebook=&#8221;&#8221; hide_on_tablet=&#8221;&#8221; hide_on_mobile=&#8221;&#8221;][vc_column_text css_animation=&#8221;fadeInRight&#8221;]<\/p>\n<h3 class=\"trx_addons_no_margin\" style=\"text-align: left;\">Opis<\/h3>\n<ul style=\"text-align: left;\">\n<li style=\"text-align: left;\">\n<h6 class=\"trx_addons_no_margin\">du\u017eina staze: 8-10 km<\/h6>\n<\/li>\n<li style=\"text-align: left;\">\n<h6>lokacija: Park prirode Suturlija<\/h6>\n<\/li>\n<li style=\"text-align: left;\">\n<h6>start: 10h<\/h6>\n<\/li>\n<li style=\"text-align: left;\">\n<h6>okrepne stanice: 2<\/h6>\n<\/li>\n<li>\n<h6 style=\"text-align: left;\">broj u\u010desnika: ograni\u010deno<\/h6>\n<\/li>\n<\/ul>\n<p>[\/vc_column_text][vc_empty_space hide_on_desktop=&#8221;&#8221; hide_on_notebook=&#8221;&#8221; hide_on_tablet=&#8221;&#8221; hide_on_mobile=&#8221;&#8221;][vc_empty_space hide_on_desktop=&#8221;&#8221; hide_on_notebook=&#8221;&#8221; hide_on_tablet=&#8221;&#8221; hide_on_mobile=&#8221;&#8221;][\/vc_column][vc_column width=&#8221;1\/12&#8221;][\/vc_column][\/vc_row][vc_row full_width=&#8221;stretch_row&#8221; hide_bg_image_on_tablet=&#8221;&#8221; hide_bg_image_on_mobile=&#8221;&#8221; css=&#8221;.vc_custom_1613507297855{background-color: #f3ffdb !important;}&#8221;][vc_column width=&#8221;1\/12&#8221;][\/vc_column][vc_column width=&#8221;10\/12&#8221;][vc_empty_space hide_on_desktop=&#8221;&#8221; hide_on_notebook=&#8221;&#8221; hide_on_tablet=&#8221;&#8221; hide_on_mobile=&#8221;&#8221;][vc_empty_space hide_on_desktop=&#8221;&#8221; hide_on_notebook=&#8221;&#8221; hide_on_tablet=&#8221;&#8221; hide_on_mobile=&#8221;&#8221;][vc_column_text css_animation=&#8221;bounceIn&#8221;]<\/p>\n<h3 style=\"text-align: center;\">GPX Track:<\/h3>\n<p>[\/vc_column_text][vc_btn title=&#8221;Spring Trail&#8221; shape=&#8221;round&#8221; color=&#8221;green&#8221; size=&#8221;lg&#8221; align=&#8221;center&#8221; css_animation=&#8221;flipInX&#8221;][vc_column_text css_animation=&#8221;bounceIn&#8221;]<\/p>\n<h3 style=\"text-align: center;\">PRIJAVA NA TRKU<\/h3>\n<p>[\/vc_column_text][vc_empty_space hide_on_desktop=&#8221;&#8221; hide_on_notebook=&#8221;&#8221; hide_on_tablet=&#8221;&#8221; hide_on_mobile=&#8221;&#8221;][\/vc_column][vc_column width=&#8221;1\/12&#8221;][\/vc_column][\/vc_row][vc_row full_width=&#8221;stretch_row&#8221; hide_bg_image_on_tablet=&#8221;&#8221; hide_bg_image_on_mobile=&#8221;&#8221; css=&#8221;.vc_custom_1613507310809{background-color: #f3ffdb !important;}&#8221;][vc_column width=&#8221;1\/12&#8221;][\/vc_column][vc_column width=&#8221;10\/12&#8221;][vc_btn title=&#8221;P R I J A V A&#8221; shape=&#8221;round&#8221; color=&#8221;mulled-wine&#8221; size=&#8221;lg&#8221; align=&#8221;center&#8221; css_animation=&#8221;flipInY&#8221; button_block=&#8221;true&#8221; link=&#8221;url:https%3A%2F%2Fdocs.google.com%2Fforms%2Fd%2F1wwJ7tZKlGV3fAdLOam8IscHRMZ5m3-kX2p7XkzLQvp8%2Fedit|||&#8221;][vc_empty_space hide_on_desktop=&#8221;&#8221; hide_on_notebook=&#8221;&#8221; hide_on_tablet=&#8221;&#8221; hide_on_mobile=&#8221;&#8221;][\/vc_column][vc_column width=&#8221;1\/12&#8221;][\/vc_column][\/vc_row][vc_row full_width=&#8221;stretch_row&#8221; hide_bg_image_on_tablet=&#8221;&#8221; hide_bg_image_on_mobile=&#8221;&#8221; css=&#8221;.vc_custom_1613841900363{background-image: url(http:\/\/alfatrail.net\/wp-content\/uploads\/2021\/02\/bigstock-The-Dunajec-River-Gorge-Pieni-64391218.jpg?id=1305) !important;background-position: top left !important;}&#8221;][vc_column width=&#8221;3\/12&#8221;][\/vc_column][vc_column width=&#8221;6\/12&#8221;][vc_empty_space hide_on_desktop=&#8221;&#8221; hide_on_notebook=&#8221;&#8221; hide_on_tablet=&#8221;&#8221; hide_on_mobile=&#8221;&#8221;][vc_empty_space hide_on_desktop=&#8221;&#8221; hide_on_notebook=&#8221;&#8221; hide_on_tablet=&#8221;&#8221; hide_on_mobile=&#8221;&#8221;][vc_empty_space hide_on_desktop=&#8221;&#8221; hide_on_notebook=&#8221;&#8221; hide_on_tablet=&#8221;&#8221; hide_on_mobile=&#8221;&#8221;][vc_column_text css_animation=&#8221;flipInX&#8221;]<\/p>\n<blockquote>\n<p style=\"text-align: center;\">\n<p style=\"text-align: center;\">STARTNINA: 20 KM \/ 10 \u20ac \/ 1200 RSD<\/p>\n<\/blockquote>\n<p>[\/vc_column_text][vc_empty_space hide_on_desktop=&#8221;&#8221; hide_on_notebook=&#8221;&#8221; hide_on_tablet=&#8221;&#8221; hide_on_mobile=&#8221;&#8221;][vc_empty_space hide_on_desktop=&#8221;&#8221; hide_on_notebook=&#8221;&#8221; hide_on_tablet=&#8221;&#8221; hide_on_mobile=&#8221;&#8221;][vc_empty_space hide_on_desktop=&#8221;&#8221; hide_on_notebook=&#8221;&#8221; hide_on_tablet=&#8221;&#8221; hide_on_mobile=&#8221;&#8221;][\/vc_column][vc_column width=&#8221;3\/12&#8221;][\/vc_column][\/vc_row][vc_row full_width=&#8221;stretch_row&#8221; hide_bg_image_on_tablet=&#8221;&#8221; hide_bg_image_on_mobile=&#8221;&#8221; css=&#8221;.vc_custom_1614608549086{background-color: #fcf4e8 !important;}&#8221;][vc_column][vc_empty_space hide_on_desktop=&#8221;&#8221; hide_on_notebook=&#8221;&#8221; hide_on_tablet=&#8221;&#8221; hide_on_mobile=&#8221;&#8221;][vc_empty_space hide_on_desktop=&#8221;&#8221; hide_on_notebook=&#8221;&#8221; hide_on_tablet=&#8221;&#8221; hide_on_mobile=&#8221;&#8221;][vc_btn title=&#8221;P R A V I L N I K&#8221; shape=&#8221;round&#8221; color=&#8221;juicy-pink&#8221; size=&#8221;lg&#8221; align=&#8221;center&#8221; link=&#8221;url:http%3A%2F%2Falfatrail.net%2F%3Fpage_id%3D1307|||&#8221;][vc_empty_space hide_on_desktop=&#8221;&#8221; hide_on_notebook=&#8221;&#8221; hide_on_tablet=&#8221;&#8221; hide_on_mobile=&#8221;&#8221;][\/vc_column][\/vc_row]<\/p>\n","protected":false},"excerpt":{"rendered":"<p>[vc_row full_width=&#8221;stretch_row&#8221; hide_bg_image_on_tablet=&#8221;&#8221; hide_bg_image_on_mobile=&#8221;&#8221; css=&#8221;.vc_custom_1613507235836{background-color: #fcf4e8 !important;}&#8221;][vc_column width=&#8221;1\/12&#8221;][\/vc_column][vc_column width=&#8221;10\/12&#8221;][vc_empty_space hide_on_desktop=&#8221;&#8221; hide_on_notebook=&#8221;&#8221; hide_on_tablet=&#8221;&#8221; hide_on_mobile=&#8221;&#8221;][vc_empty_space hide_on_desktop=&#8221;&#8221; hide_on_notebook=&#8221;&#8221; hide_on_tablet=&#8221;&#8221; hide_on_mobile=&#8221;&#8221;][vc_column_text css_animation=&#8221;bounceIn&#8221;] SPRING TRAIL [\/vc_column_text][vc_column_text css_animation=&#8221;fadeInLeft&#8221;] Banja Luka 19.05.2024. godine [\/vc_column_text][vc_empty_space hide_on_desktop=&#8221;&#8221; hide_on_notebook=&#8221;&#8221; hide_on_tablet=&#8221;&#8221; hide_on_mobile=&#8221;&#8221;][\/vc_column][vc_column width=&#8221;1\/12&#8221;][\/vc_column][\/vc_row][vc_row full_width=&#8221;stretch_row&#8221; hide_bg_image_on_tablet=&#8221;&#8221; hide_bg_image_on_mobile=&#8221;&#8221; css=&#8221;.vc_custom_1613507249098{background-color: #fcf4e8 !important;}&#8221;][vc_column width=&#8221;1\/12&#8221;][\/vc_column][vc_column width=&#8221;10\/12&#8221;][vc_column_text css_animation=&#8221;fadeInLeft&#8221;]Dobrodo\u0161li na otvaranje sezone trke&hellip;<\/p>\n","protected":false},"author":1,"featured_media":0,"parent":0,"menu_order":0,"comment_status":"closed","ping_status":"closed","template":"","meta":{"footnotes":""},"class_list":["post-1001","page","type-page","status-publish","hentry"],"_links":{"self":[{"href":"https:\/\/alfatrail.net\/index.php?rest_route=\/wp\/v2\/pages\/1001","targetHints":{"allow":["GET"]}}],"collection":[{"href":"https:\/\/alfatrail.net\/index.php?rest_route=\/wp\/v2\/pages"}],"about":[{"href":"https:\/\/alfatrail.net\/index.php?rest_route=\/wp\/v2\/types\/page"}],"author":[{"embeddable":true,"href":"https:\/\/alfatrail.net\/index.php?rest_route=\/wp\/v2\/users\/1"}],"replies":[{"embeddable":true,"href":"https:\/\/alfatrail.net\/index.php?rest_route=%2Fwp%2Fv2%2Fcomments&post=1001"}],"version-history":[{"count":34,"href":"https:\/\/alfatrail.net\/index.php?rest_route=\/wp\/v2\/pages\/1001\/revisions"}],"predecessor-version":[{"id":1922,"href":"https:\/\/alfatrail.net\/index.php?rest_route=\/wp\/v2\/pages\/1001\/revisions\/1922"}],"wp:attachment":[{"href":"https:\/\/alfatrail.net\/index.php?rest_route=%2Fwp%2Fv2%2Fmedia&parent=1001"}],"curies":[{"name":"wp","href":"https:\/\/api.w.org\/{rel}","templated":true}]}}